{"id":429,"date":"2016-03-02T15:36:01","date_gmt":"2016-03-02T15:36:01","guid":{"rendered":"http:\/\/www.fdignasidegispert.cat\/?page_id=429&#038;lang=es"},"modified":"2025-06-05T10:34:12","modified_gmt":"2025-06-05T08:34:12","slug":"429-2","status":"publish","type":"page","link":"https:\/\/www.fdignasidegispert.cat\/es\/","title":{"rendered":"Inicio"},"content":{"rendered":"<style type=\"text\/css\"> \n#cmsms_row_69ebad586a07a1_26833767 { \n\tbackground-image: url(https:\/\/www.fdignasidegispert.cat\/wp-content\/uploads\/2016\/03\/home_ES.jpg); \n\tbackground-position: top center; \n\tbackground-repeat: no-repeat; \n\tbackground-attachment: scroll; \n\tbackground-size: auto; \n} \n\n#cmsms_row_69ebad586a07a1_26833767 .cmsms_row_outer_parent { \n\tpadding-top: 0px; \n} \n\n#cmsms_row_69ebad586a07a1_26833767 .cmsms_row_outer_parent { \n\tpadding-bottom: 426px; \n} \n\n<\/style><div id=\"cmsms_row_69ebad586a07a1_26833767\" class=\"cmsms_row cmsms_color_scheme_default\">\n<div class=\"cmsms_row_outer_parent\">\n<div class=\"cmsms_row_outer\">\n<div class=\"cmsms_row_inner\">\n<div class=\"cmsms_row_margin\">\n<div class=\"cmsms_column one_first\">\n<\/div>\n<\/div>\n<\/div>\n<\/div>\n<\/div>\n<\/div>\n\n","protected":false},"excerpt":{"rendered":"","protected":false},"author":6,"featured_media":1404,"parent":0,"menu_order":0,"comment_status":"closed","ping_status":"closed","template":"","meta":{"footnotes":""},"class_list":["post-429","page","type-page","status-publish","has-post-thumbnail","hentry"],"yoast_head":"<!-- This site is optimized with the Yoast SEO plugin v27.4 - https:\/\/yoast.com\/product\/yoast-seo-wordpress\/ -->\n<title>Fundaci\u00f3 Deg\u00e0 Ignasi de Gispert:<\/title>\n<meta name=\"description\" content=\"Fundaci\u00f3n Deg\u00e0 Ignasi de Gispert: acompa\u00f1amos, formamos e impulsamos la reinserci\u00f3n social de personas en situaci\u00f3n de vulnerabilidad.\" \/>\n<meta name=\"robots\" content=\"index, follow, max-snippet:-1, max-image-preview:large, max-video-preview:-1\" \/>\n<link rel=\"canonical\" href=\"https:\/\/www.fdignasidegispert.cat\/es\/\" \/>\n<meta property=\"og:locale\" content=\"es_ES\" \/>\n<meta property=\"og:type\" content=\"article\" \/>\n<meta property=\"og:title\" content=\"Fundaci\u00f3 Deg\u00e0 Ignasi de Gispert:\" \/>\n<meta property=\"og:description\" content=\"Fundaci\u00f3n Deg\u00e0 Ignasi de Gispert: acompa\u00f1amos, formamos e impulsamos la reinserci\u00f3n social de personas en situaci\u00f3n de vulnerabilidad.\" \/>\n<meta property=\"og:url\" content=\"https:\/\/www.fdignasidegispert.cat\/es\/\" \/>\n<meta property=\"og:site_name\" content=\"Fundaci\u00f3 privada deg\u00e0 Ignasi de Gispert\" \/>\n<meta property=\"article:modified_time\" content=\"2025-06-05T08:34:12+00:00\" \/>\n<meta property=\"og:image\" content=\"https:\/\/www.fdignasidegispert.cat\/wp-content\/uploads\/2016\/12\/LogotipFundacioIgnasiDeGispert-1.jpg\" \/>\n\t<meta property=\"og:image:width\" content=\"174\" \/>\n\t<meta property=\"og:image:height\" content=\"174\" \/>\n\t<meta property=\"og:image:type\" content=\"image\/jpeg\" \/>\n<meta name=\"twitter:card\" content=\"summary_large_image\" \/>\n<meta name=\"twitter:label1\" content=\"Tiempo de lectura\" \/>\n\t<meta name=\"twitter:data1\" content=\"1 minuto\" \/>\n<script type=\"application\/ld+json\" class=\"yoast-schema-graph\">{\"@context\":\"https:\\\/\\\/schema.org\",\"@graph\":[{\"@type\":\"WebPage\",\"@id\":\"https:\\\/\\\/www.fdignasidegispert.cat\\\/es\\\/\",\"url\":\"https:\\\/\\\/www.fdignasidegispert.cat\\\/es\\\/\",\"name\":\"Fundaci\u00f3 Deg\u00e0 Ignasi de Gispert:\",\"isPartOf\":{\"@id\":\"https:\\\/\\\/www.fdignasidegispert.cat\\\/#website\"},\"primaryImageOfPage\":{\"@id\":\"https:\\\/\\\/www.fdignasidegispert.cat\\\/es\\\/#primaryimage\"},\"image\":{\"@id\":\"https:\\\/\\\/www.fdignasidegispert.cat\\\/es\\\/#primaryimage\"},\"thumbnailUrl\":\"https:\\\/\\\/www.fdignasidegispert.cat\\\/wp-content\\\/uploads\\\/2016\\\/12\\\/LogotipFundacioIgnasiDeGispert-1.jpg\",\"datePublished\":\"2016-03-02T15:36:01+00:00\",\"dateModified\":\"2025-06-05T08:34:12+00:00\",\"description\":\"Fundaci\u00f3n Deg\u00e0 Ignasi de Gispert: acompa\u00f1amos, formamos e impulsamos la reinserci\u00f3n social de personas en situaci\u00f3n de vulnerabilidad.\",\"breadcrumb\":{\"@id\":\"https:\\\/\\\/www.fdignasidegispert.cat\\\/es\\\/#breadcrumb\"},\"inLanguage\":\"es\",\"potentialAction\":[{\"@type\":\"ReadAction\",\"target\":[\"https:\\\/\\\/www.fdignasidegispert.cat\\\/es\\\/\"]}]},{\"@type\":\"ImageObject\",\"inLanguage\":\"es\",\"@id\":\"https:\\\/\\\/www.fdignasidegispert.cat\\\/es\\\/#primaryimage\",\"url\":\"https:\\\/\\\/www.fdignasidegispert.cat\\\/wp-content\\\/uploads\\\/2016\\\/12\\\/LogotipFundacioIgnasiDeGispert-1.jpg\",\"contentUrl\":\"https:\\\/\\\/www.fdignasidegispert.cat\\\/wp-content\\\/uploads\\\/2016\\\/12\\\/LogotipFundacioIgnasiDeGispert-1.jpg\",\"width\":174,\"height\":174,\"caption\":\"Fundaci\u00f3 Deg\u00e0 Ignasi de Gispert\"},{\"@type\":\"BreadcrumbList\",\"@id\":\"https:\\\/\\\/www.fdignasidegispert.cat\\\/es\\\/#breadcrumb\",\"itemListElement\":[{\"@type\":\"ListItem\",\"position\":1,\"name\":\"Inici\",\"item\":\"https:\\\/\\\/www.fdignasidegispert.cat\\\/es\\\/\"},{\"@type\":\"ListItem\",\"position\":2,\"name\":\"Inicio\"}]},{\"@type\":\"WebSite\",\"@id\":\"https:\\\/\\\/www.fdignasidegispert.cat\\\/#website\",\"url\":\"https:\\\/\\\/www.fdignasidegispert.cat\\\/\",\"name\":\"Fundaci\u00f3 privada deg\u00e0 Ignasi de Gispert\",\"description\":\"\",\"publisher\":{\"@id\":\"https:\\\/\\\/www.fdignasidegispert.cat\\\/#organization\"},\"potentialAction\":[{\"@type\":\"SearchAction\",\"target\":{\"@type\":\"EntryPoint\",\"urlTemplate\":\"https:\\\/\\\/www.fdignasidegispert.cat\\\/?s={search_term_string}\"},\"query-input\":{\"@type\":\"PropertyValueSpecification\",\"valueRequired\":true,\"valueName\":\"search_term_string\"}}],\"inLanguage\":\"es\"},{\"@type\":\"Organization\",\"@id\":\"https:\\\/\\\/www.fdignasidegispert.cat\\\/#organization\",\"name\":\"Fundaci\u00f3 privada deg\u00e0 Ignasi de Gispert\",\"url\":\"https:\\\/\\\/www.fdignasidegispert.cat\\\/\",\"logo\":{\"@type\":\"ImageObject\",\"inLanguage\":\"es\",\"@id\":\"https:\\\/\\\/www.fdignasidegispert.cat\\\/#\\\/schema\\\/logo\\\/image\\\/\",\"url\":\"https:\\\/\\\/www.fdignasidegispert.cat\\\/wp-content\\\/uploads\\\/2016\\\/12\\\/LogotipFundacioIgnasiDeGispert-1.jpg\",\"contentUrl\":\"https:\\\/\\\/www.fdignasidegispert.cat\\\/wp-content\\\/uploads\\\/2016\\\/12\\\/LogotipFundacioIgnasiDeGispert-1.jpg\",\"width\":174,\"height\":174,\"caption\":\"Fundaci\u00f3 privada deg\u00e0 Ignasi de Gispert\"},\"image\":{\"@id\":\"https:\\\/\\\/www.fdignasidegispert.cat\\\/#\\\/schema\\\/logo\\\/image\\\/\"}}]}<\/script>\n<!-- \/ Yoast SEO plugin. -->","yoast_head_json":{"title":"Fundaci\u00f3 Deg\u00e0 Ignasi de Gispert:","description":"Fundaci\u00f3n Deg\u00e0 Ignasi de Gispert: acompa\u00f1amos, formamos e impulsamos la reinserci\u00f3n social de personas en situaci\u00f3n de vulnerabilidad.","robots":{"index":"index","follow":"follow","max-snippet":"max-snippet:-1","max-image-preview":"max-image-preview:large","max-video-preview":"max-video-preview:-1"},"canonical":"https:\/\/www.fdignasidegispert.cat\/es\/","og_locale":"es_ES","og_type":"article","og_title":"Fundaci\u00f3 Deg\u00e0 Ignasi de Gispert:","og_description":"Fundaci\u00f3n Deg\u00e0 Ignasi de Gispert: acompa\u00f1amos, formamos e impulsamos la reinserci\u00f3n social de personas en situaci\u00f3n de vulnerabilidad.","og_url":"https:\/\/www.fdignasidegispert.cat\/es\/","og_site_name":"Fundaci\u00f3 privada deg\u00e0 Ignasi de Gispert","article_modified_time":"2025-06-05T08:34:12+00:00","og_image":[{"width":174,"height":174,"url":"https:\/\/www.fdignasidegispert.cat\/wp-content\/uploads\/2016\/12\/LogotipFundacioIgnasiDeGispert-1.jpg","type":"image\/jpeg"}],"twitter_card":"summary_large_image","twitter_misc":{"Tiempo de lectura":"1 minuto"},"schema":{"@context":"https:\/\/schema.org","@graph":[{"@type":"WebPage","@id":"https:\/\/www.fdignasidegispert.cat\/es\/","url":"https:\/\/www.fdignasidegispert.cat\/es\/","name":"Fundaci\u00f3 Deg\u00e0 Ignasi de Gispert:","isPartOf":{"@id":"https:\/\/www.fdignasidegispert.cat\/#website"},"primaryImageOfPage":{"@id":"https:\/\/www.fdignasidegispert.cat\/es\/#primaryimage"},"image":{"@id":"https:\/\/www.fdignasidegispert.cat\/es\/#primaryimage"},"thumbnailUrl":"https:\/\/www.fdignasidegispert.cat\/wp-content\/uploads\/2016\/12\/LogotipFundacioIgnasiDeGispert-1.jpg","datePublished":"2016-03-02T15:36:01+00:00","dateModified":"2025-06-05T08:34:12+00:00","description":"Fundaci\u00f3n Deg\u00e0 Ignasi de Gispert: acompa\u00f1amos, formamos e impulsamos la reinserci\u00f3n social de personas en situaci\u00f3n de vulnerabilidad.","breadcrumb":{"@id":"https:\/\/www.fdignasidegispert.cat\/es\/#breadcrumb"},"inLanguage":"es","potentialAction":[{"@type":"ReadAction","target":["https:\/\/www.fdignasidegispert.cat\/es\/"]}]},{"@type":"ImageObject","inLanguage":"es","@id":"https:\/\/www.fdignasidegispert.cat\/es\/#primaryimage","url":"https:\/\/www.fdignasidegispert.cat\/wp-content\/uploads\/2016\/12\/LogotipFundacioIgnasiDeGispert-1.jpg","contentUrl":"https:\/\/www.fdignasidegispert.cat\/wp-content\/uploads\/2016\/12\/LogotipFundacioIgnasiDeGispert-1.jpg","width":174,"height":174,"caption":"Fundaci\u00f3 Deg\u00e0 Ignasi de Gispert"},{"@type":"BreadcrumbList","@id":"https:\/\/www.fdignasidegispert.cat\/es\/#breadcrumb","itemListElement":[{"@type":"ListItem","position":1,"name":"Inici","item":"https:\/\/www.fdignasidegispert.cat\/es\/"},{"@type":"ListItem","position":2,"name":"Inicio"}]},{"@type":"WebSite","@id":"https:\/\/www.fdignasidegispert.cat\/#website","url":"https:\/\/www.fdignasidegispert.cat\/","name":"Fundaci\u00f3 privada deg\u00e0 Ignasi de Gispert","description":"","publisher":{"@id":"https:\/\/www.fdignasidegispert.cat\/#organization"},"potentialAction":[{"@type":"SearchAction","target":{"@type":"EntryPoint","urlTemplate":"https:\/\/www.fdignasidegispert.cat\/?s={search_term_string}"},"query-input":{"@type":"PropertyValueSpecification","valueRequired":true,"valueName":"search_term_string"}}],"inLanguage":"es"},{"@type":"Organization","@id":"https:\/\/www.fdignasidegispert.cat\/#organization","name":"Fundaci\u00f3 privada deg\u00e0 Ignasi de Gispert","url":"https:\/\/www.fdignasidegispert.cat\/","logo":{"@type":"ImageObject","inLanguage":"es","@id":"https:\/\/www.fdignasidegispert.cat\/#\/schema\/logo\/image\/","url":"https:\/\/www.fdignasidegispert.cat\/wp-content\/uploads\/2016\/12\/LogotipFundacioIgnasiDeGispert-1.jpg","contentUrl":"https:\/\/www.fdignasidegispert.cat\/wp-content\/uploads\/2016\/12\/LogotipFundacioIgnasiDeGispert-1.jpg","width":174,"height":174,"caption":"Fundaci\u00f3 privada deg\u00e0 Ignasi de Gispert"},"image":{"@id":"https:\/\/www.fdignasidegispert.cat\/#\/schema\/logo\/image\/"}}]}},"_links":{"self":[{"href":"https:\/\/www.fdignasidegispert.cat\/es\/wp-json\/wp\/v2\/pages\/429","targetHints":{"allow":["GET"]}}],"collection":[{"href":"https:\/\/www.fdignasidegispert.cat\/es\/wp-json\/wp\/v2\/pages"}],"about":[{"href":"https:\/\/www.fdignasidegispert.cat\/es\/wp-json\/wp\/v2\/types\/page"}],"author":[{"embeddable":true,"href":"https:\/\/www.fdignasidegispert.cat\/es\/wp-json\/wp\/v2\/users\/6"}],"replies":[{"embeddable":true,"href":"https:\/\/www.fdignasidegispert.cat\/es\/wp-json\/wp\/v2\/comments?post=429"}],"version-history":[{"count":8,"href":"https:\/\/www.fdignasidegispert.cat\/es\/wp-json\/wp\/v2\/pages\/429\/revisions"}],"predecessor-version":[{"id":2494,"href":"https:\/\/www.fdignasidegispert.cat\/es\/wp-json\/wp\/v2\/pages\/429\/revisions\/2494"}],"wp:featuredmedia":[{"embeddable":true,"href":"https:\/\/www.fdignasidegispert.cat\/es\/wp-json\/wp\/v2\/media\/1404"}],"wp:attachment":[{"href":"https:\/\/www.fdignasidegispert.cat\/es\/wp-json\/wp\/v2\/media?parent=429"}],"curies":[{"name":"wp","href":"https:\/\/api.w.org\/{rel}","templated":true}]}}