{"id":39,"date":"2016-02-17T14:38:52","date_gmt":"2016-02-17T14:38:52","guid":{"rendered":"http:\/\/www.fdignasidegispert.cat\/?page_id=39&#038;lang=es"},"modified":"2025-09-29T18:03:22","modified_gmt":"2025-09-29T16:03:22","slug":"quienes-somos","status":"publish","type":"page","link":"https:\/\/www.fdignasidegispert.cat\/es\/quienes-somos\/","title":{"rendered":"Qui\u00e9nes somos"},"content":{"rendered":"<style type=\"text\/css\"> \n#cmsms_divider_69dfed4c88ee76_67193903 { \n\tborder-bottom-width:1px; \n\tborder-bottom-style:solid; \n\tpadding-top:50px; \n\tmargin-bottom:50px; \n} \n \n#cmsms_row_69dfed4c891646_01230211 .cmsms_row_outer_parent { \n\tpadding-top: 0px; \n} \n\n#cmsms_row_69dfed4c891646_01230211 .cmsms_row_outer_parent { \n\tpadding-bottom: 50px; \n} \n\n \n#cmsms_icon_list_items_69dfed4c892db7_58052056.cmsms_icon_list_items .cmsms_icon_list_item:before { \n\tleft:49.5px; \n\ttop:100px; \n} \n#cmsms_icon_list_items_69dfed4c892db7_58052056.cmsms_icon_list_type_block .cmsms_icon_list_item:before { \n\twidth:1px; \n} \n\n#cmsms_icon_list_items_69dfed4c892db7_58052056 .cmsms_icon_list_icon { \n\twidth:100px; \n\theight:100px; \n\t-webkit-border-radius:50%; \n\tborder-radius:50%; \n} \n\n#cmsms_icon_list_items_69dfed4c892db7_58052056 .cmsms_icon_list_icon:before { \n\tfont-size:30px; \n\tline-height:100px; \n} \n\n#cmsms_icon_list_items_69dfed4c892db7_58052056 .cmsms_icon_list_icon:after { \n\tborder-width:10px; \n\twidth:102px; \n\theight:102px; \n\t-webkit-border-radius:50%; \n\tborder-radius:50%; \n} \n\n.cmsms_icon_list_items.cmsms_color_type_border #cmsms_icon_list_item_69dfed4c893a91_43383676:hover .cmsms_icon_list_icon:after { \n\tborder-color:transparent; \n\tborder-width:0; \n} \n<\/style><div id=\"cmsms_row_69dfed4c888821_20520540\" class=\"cmsms_row cmsms_color_scheme_default\">\n<div class=\"cmsms_row_outer_parent\">\n<div class=\"cmsms_row_outer\">\n<div class=\"cmsms_row_inner\">\n<div class=\"cmsms_row_margin\">\n<div class=\"cmsms_column one_first\">\n<div class=\"cmsms_text\">\n<\/div>\n<p style=\"text-align: justify;\"><img loading=\"lazy\" decoding=\"async\" class=\"alignnone size-full wp-image-1050\" src=\"https:\/\/www.fdignasidegispert.cat\/wp-content\/uploads\/2016\/02\/quisom_ES.jpg\" alt=\"quisom_es\" width=\"1160\" height=\"300\" srcset=\"https:\/\/www.fdignasidegispert.cat\/wp-content\/uploads\/2016\/02\/quisom_ES.jpg 1160w, https:\/\/www.fdignasidegispert.cat\/wp-content\/uploads\/2016\/02\/quisom_ES-300x78.jpg 300w, https:\/\/www.fdignasidegispert.cat\/wp-content\/uploads\/2016\/02\/quisom_ES-768x199.jpg 768w, https:\/\/www.fdignasidegispert.cat\/wp-content\/uploads\/2016\/02\/quisom_ES-1024x265.jpg 1024w, https:\/\/www.fdignasidegispert.cat\/wp-content\/uploads\/2016\/02\/quisom_ES-580x150.jpg 580w, https:\/\/www.fdignasidegispert.cat\/wp-content\/uploads\/2016\/02\/quisom_ES-860x222.jpg 860w\" sizes=\"auto, (max-width: 1160px) 100vw, 1160px\" \/><\/p>\n<h2>Quienes somos<\/h2>\n<p>La Fundaci\u00f3n privada deg\u00e0 Ignasi de Gispert est\u00e1 constituida por tres Patronos:<\/p>\n<table style=\"border-collapse: collapse; border: none;\">\n<tbody>\n<tr>\n<td style=\"border: none;\" align=\"center\"><a href=\"https:\/\/www.icab.cat\/es\/\" target=\"_blank\" rel=\"noopener noreferrer\"><img loading=\"lazy\" decoding=\"async\" class=\"alignnone wp-image-1097\" src=\"https:\/\/www.fdignasidegispert.cat\/wp-content\/uploads\/2016\/12\/logo_red.jpg\" alt=\"logo_red\" width=\"125\" height=\"125\" srcset=\"https:\/\/www.fdignasidegispert.cat\/wp-content\/uploads\/2016\/12\/logo_red.jpg 150w, https:\/\/www.fdignasidegispert.cat\/wp-content\/uploads\/2016\/12\/logo_red-55x55.jpg 55w\" sizes=\"auto, (max-width: 125px) 100vw, 125px\" \/><\/a><\/td>\n<td style=\"border: none;\" align=\"center\"><a href=\"https:\/\/www.altermutua.com\/es\/\" target=\"_blank\" rel=\"noopener noreferrer\"><img loading=\"lazy\" decoding=\"async\" class=\"alignnone wp-image-1096\" src=\"https:\/\/www.fdignasidegispert.cat\/wp-content\/uploads\/2025\/09\/logo_alter_ES-300x130_2025.jpg\" alt=\"logo_alter_cat\" width=\"230\" height=\"100\" \/><\/a><\/td>\n<td style=\"border: none;\" align=\"center\"><a href=\"https:\/\/www.arquia.com\/es-es\/\" target=\"_blank\" rel=\"noopener noreferrer\"><img loading=\"lazy\" decoding=\"async\" class=\"alignnone wp-image-1311 size-medium\" src=\"https:\/\/www.fdignasidegispert.cat\/wp-content\/uploads\/2018\/06\/ArquiaAdvocats-300x100.jpg\" alt=\"\" width=\"300\" height=\"100\" srcset=\"https:\/\/www.fdignasidegispert.cat\/wp-content\/uploads\/2018\/06\/ArquiaAdvocats-300x100.jpg 300w, https:\/\/www.fdignasidegispert.cat\/wp-content\/uploads\/2018\/06\/ArquiaAdvocats-768x257.jpg 768w, https:\/\/www.fdignasidegispert.cat\/wp-content\/uploads\/2018\/06\/ArquiaAdvocats-1024x343.jpg 1024w, https:\/\/www.fdignasidegispert.cat\/wp-content\/uploads\/2018\/06\/ArquiaAdvocats-580x194.jpg 580w, https:\/\/www.fdignasidegispert.cat\/wp-content\/uploads\/2018\/06\/ArquiaAdvocats-860x288.jpg 860w, https:\/\/www.fdignasidegispert.cat\/wp-content\/uploads\/2018\/06\/ArquiaAdvocats-1160x389.jpg 1160w\" sizes=\"auto, (max-width: 300px) 100vw, 300px\" \/><\/a><\/td>\n<\/tr>\n<tr>\n<td style=\"border: none;\" align=\"center\"><a href=\"https:\/\/www.icab.cat\/es\/\" target=\"_blank\" rel=\"noopener noreferrer\">Il\u00b7lustre Col\u00b7legi de l\u2019Advocacia de Barcelona<\/a><\/td>\n<td style=\"border: none;\" align=\"center\"><a href=\"https:\/\/www.altermutua.com\/es\" target=\"_blank\" rel=\"noopener noreferrer\">Alter Mutua de los Abogados<\/a><\/td>\n<td style=\"border: none;\" align=\"center\"><a href=\"https:\/\/www.arquia.com\/es-es\/\" target=\"_blank\" rel=\"noopener noreferrer\">Arquia Caja Abogados<\/a><\/td>\n<\/tr>\n<\/tbody>\n<\/table>\n<h2>Qu\u00e9 hacemos<\/h2>\n<p>La Fundaci\u00f3n se constituye con la finalidad de llevar a cabo todas aquellas labores que se consideren adecuadas para promover, impulsar y favorecer la obra social en beneficio de sus colegiados y de personas vinculadas a estos, inscritos en el Colegio de la Abogac\u00eda de Barcelona, ofreciendo ayuda econ\u00f3mica en situaciones temporales de infortunio, de estado precario y\/o graves dificultades por razones de enfermedad, accidente o jubilaci\u00f3n y requerir\u00e1 la existencia de un estado real de necesidad del posible beneficiario y que este no pueda afrontar con medios propios.<\/p>\n<p>Excepcionalmente, tambi\u00e9n podr\u00e1n ser beneficiarios de la obra social, otras personas diferentes a las citadas, siempre que la condici\u00f3n de beneficiario venga justificada por su vinculaci\u00f3n al Ilustre Colegio de la Abogac\u00eda de Barcelona.<\/p>\n<p>El Patronato desarrollar\u00e1 la finalidad de la Fundaci\u00f3n siguiendo el criterio general de la solidaridad, teniendo en consideraci\u00f3n en todo momento la disponibilidad de recursos econ\u00f3micos.<br \/>\nLa actividad de obra social tendr\u00e1 siempre car\u00e1cter discrecional i no obligatorio, y se realizar\u00e1 principalmente mediante el otorgamiento de ayudas econ\u00f3micas de car\u00e1cter temporal, pero tambi\u00e9n mediante la prestaci\u00f3n de cualquier tipo de servicio, y requerir\u00e1 la existencia de un estado de necesidad del posible beneficiario que este no pueda afrontar con medios propios.<br \/>\nA lo largo de estos a\u00f1os la Fundaci\u00f3n ha ayudado a m\u00e1s de 700 beneficiarios, entre ayudas de obra social directas y\/o complementarias, invirtiendo un total aproximado de m\u00e1s 4 millones y medio de euros.<\/p>\n<p>La Fundaci\u00f3n est\u00e1 acogida a la Ley 49\/2002, de 23 de diciembre, \u201cDe R\u00e9gimen fiscal de Entidades sin Finalidades Lucrativas y de los Incentivos al Mecenazgo\u201d<\/p>\n<h2>De d\u00f3nde venimos<\/h2>\n<p>Con fecha 2 de junio de 1999, el Ilustre Colegio de Abogados de Barcelona, la M\u00fatua de los Abogados de Catalu\u00f1a (ahora Alter M\u00fatua) y Caja de Abogados (ahora Arquia banca Caja de Abogados), expon\u00edan su voluntad de constituir una Fundaci\u00f3n Privada, en homenaje al que fuera Decano del Ilustre Colegio de Abogados de Barcelona, Ignasi de Gispert Jord\u00e0, sin \u00e1nimo de lucro para la realizaci\u00f3n de actividades de obra social, levantando Escritura de Constituci\u00f3n ante el Notario de Barcelona, Jos\u00e9 F\u00e9lix Belloch Julve, (NIF G-62025226 ), quedando inscrita en el Registro del Protectorado de la Generalitat de Catalu\u00f1a con el n\u00famero 1335.<\/p>\n<p>Ignasi de Gispert Jord\u00e0, ser\u00eda decano del Ilustre Colegio de Abogados de Barcelona desde enero 1969 hasta el 15 de diciembre de 1972 y muri\u00f3 el 13 de marzo de 1998.<\/p>\n<p>En 2009 se incorpor\u00f3 a la Fundaci\u00f3n el denominado \u00abFondo especial M. Nieves Sorli y Monr\u00f3s\u00bb, procedente de la herencia de las Se\u00f1oras M. Nieves Sorli Monr\u00f3s (abogada) y de su madre Ramona Monr\u00f3s Villa. La finalidad de este Fondo de manera indefinida es favorecer actividades ben\u00e9ficas y asistenciales dirigidas a los abogados del Ilustre Colegio de la Abogac\u00eda de Barcelona, de cualquier edad y que hayan dedicado 2\/3 partes de su vida laboral en el ejercicio de la profesi\u00f3n por cuenta propia, excluyendo de manera expresa cuando el trabajo sea por cuenta ajena. En este sentido, los bienes y derechos destinados a financiar el fondo son la totalidad del patrimonio relicto.<\/p>\n<h2>Patronos<\/h2>\n<p>Presidenta : Cristina Vallejo Ros<\/p>\n<p>Vicepresidente primero : Jos\u00e9 Felix Alonso-Cuevillas Sayrol<\/p>\n<p>Vicepresidente segundo: Alberto Alonso Saenzmiera<\/p>\n<p>Secretario: Carles Garc\u00eda Roqueta<\/p>\n<p>Tesorera : Octavio Gracia Chamorro<\/p>\n<p>Vocales:<\/p>\n<p>Jorge Navarro Massip<\/p>\n<p>David Gabarr\u00f3 Franc\u00e9s<\/p>\n<p>Sandra Peir\u00f3n Garc\u00eda<\/p>\n<p>Javier Ventura Gonz\u00e1lez<\/p>\n<p>Representante Familia de Gispert: Gustau de Gispert Catal\u00e0<\/p>\n\n<div id=\"cmsms_divider_69dfed4c88ee76_67193903\" class=\"cmsms_divider cmsms_divider_width_long cmsms_divider_pos_center\"><\/div>\n<\/div>\n<\/div>\n<\/div>\n<\/div>\n<\/div>\n<\/div>\n<div id=\"cmsms_row_69dfed4c88fd54_60868566\" class=\"cmsms_row cmsms_color_scheme_default\">\n<div class=\"cmsms_row_outer_parent\">\n<div class=\"cmsms_row_outer\">\n<div class=\"cmsms_row_inner\">\n<div class=\"cmsms_row_margin\">\n<div class=\"cmsms_column one_first\">\n<div class=\"cmsms_text\">\n<h2>Estatutos<\/h2>\n<\/div>\n<\/div>\n<\/div>\n<\/div>\n<\/div>\n<\/div>\n<\/div>\n<div id=\"cmsms_row_69dfed4c891646_01230211\" class=\"cmsms_row cmsms_color_scheme_default\">\n<div class=\"cmsms_row_outer_parent\">\n<div class=\"cmsms_row_outer\">\n<div class=\"cmsms_row_inner\">\n<div class=\"cmsms_row_margin\">\n<div class=\"cmsms_column one_first\">\n \n<ul id=\"cmsms_icon_list_items_69dfed4c892db7_58052056\" class=\"cmsms_icon_list_items cmsms_icon_list_type_block cmsms_icon_list_pos_left cmsms_color_type_border\"><li id=\"cmsms_icon_list_item_69dfed4c893a91_43383676\" class=\"cmsms_icon_list_item\">\n<div class=\"cmsms_icon_list_item_inner\">\n<div class=\"cmsms_icon_list_icon_wrap\">\n<span class=\"cmsms_icon_list_icon cmsms-icon-file-pdf\"><\/span>\n<\/div>\n<div class=\"cmsms_icon_list_item_content\">\n<h4 class=\"cmsms_icon_list_item_title\">A continuaci\u00f3n dispone del document de Estatutos de la Fundaci\u00f3 privada deg\u00e0 Ignasi de Gispert:<\/h4>\n<div class=\"cmsms_icon_list_item_text\">\n<ul>\n<li><span style=\"font-family: tahoma,arial,helvetica,sans-serif; font-size: 12pt;\"><strong><a href=\"https:\/\/www.fdignasidegispert.cat\/wp-content\/uploads\/2016\/02\/Estatuts.pdf\" target=\"_blank\" rel=\"noopener noreferrer\">Documento Estatutos (catal\u00e1n)<\/a><\/strong><\/span><\/li>\n<\/ul>\n<\/div>\n<\/div>\n<\/div>\n<\/li><\/ul>\n<\/div>\n<\/div>\n<\/div>\n<\/div>\n<\/div>\n<\/div>\n\n","protected":false},"excerpt":{"rendered":"","protected":false},"author":6,"featured_media":0,"parent":0,"menu_order":0,"comment_status":"closed","ping_status":"closed","template":"","meta":{"footnotes":""},"class_list":["post-39","page","type-page","status-publish","hentry"],"yoast_head":"<!-- This site is optimized with the Yoast SEO plugin v27.0 - https:\/\/yoast.com\/product\/yoast-seo-wordpress\/ -->\n<title>Qui\u00e9nes somos - Fundaci\u00f3 privada deg\u00e0 Ignasi de Gispert<\/title>\n<meta name=\"robots\" content=\"index, follow, max-snippet:-1, max-image-preview:large, max-video-preview:-1\" \/>\n<link rel=\"canonical\" href=\"https:\/\/www.fdignasidegispert.cat\/es\/quienes-somos\/\" \/>\n<meta property=\"og:locale\" content=\"es_ES\" \/>\n<meta property=\"og:type\" content=\"article\" \/>\n<meta property=\"og:title\" content=\"Qui\u00e9nes somos - Fundaci\u00f3 privada deg\u00e0 Ignasi de Gispert\" \/>\n<meta property=\"og:url\" content=\"https:\/\/www.fdignasidegispert.cat\/es\/quienes-somos\/\" \/>\n<meta property=\"og:site_name\" content=\"Fundaci\u00f3 privada deg\u00e0 Ignasi de Gispert\" \/>\n<meta property=\"article:modified_time\" content=\"2025-09-29T16:03:22+00:00\" \/>\n<meta property=\"og:image\" content=\"https:\/\/www.fdignasidegispert.cat\/wp-content\/uploads\/2016\/02\/quisom_ES.jpg\" \/>\n\t<meta property=\"og:image:width\" content=\"1160\" \/>\n\t<meta property=\"og:image:height\" content=\"300\" \/>\n\t<meta property=\"og:image:type\" content=\"image\/jpeg\" \/>\n<meta name=\"twitter:card\" content=\"summary_large_image\" \/>\n<meta name=\"twitter:label1\" content=\"Tiempo de lectura\" \/>\n\t<meta name=\"twitter:data1\" content=\"5 minutos\" \/>\n<script type=\"application\/ld+json\" class=\"yoast-schema-graph\">{\"@context\":\"https:\/\/schema.org\",\"@graph\":[{\"@type\":\"WebPage\",\"@id\":\"https:\/\/www.fdignasidegispert.cat\/es\/quienes-somos\/\",\"url\":\"https:\/\/www.fdignasidegispert.cat\/es\/quienes-somos\/\",\"name\":\"Qui\u00e9nes somos - Fundaci\u00f3 privada deg\u00e0 Ignasi de Gispert\",\"isPartOf\":{\"@id\":\"https:\/\/www.fdignasidegispert.cat\/#website\"},\"primaryImageOfPage\":{\"@id\":\"https:\/\/www.fdignasidegispert.cat\/es\/quienes-somos\/#primaryimage\"},\"image\":{\"@id\":\"https:\/\/www.fdignasidegispert.cat\/es\/quienes-somos\/#primaryimage\"},\"thumbnailUrl\":\"https:\/\/www.fdignasidegispert.cat\/wp-content\/uploads\/2016\/02\/quisom_ES.jpg\",\"datePublished\":\"2016-02-17T14:38:52+00:00\",\"dateModified\":\"2025-09-29T16:03:22+00:00\",\"breadcrumb\":{\"@id\":\"https:\/\/www.fdignasidegispert.cat\/es\/quienes-somos\/#breadcrumb\"},\"inLanguage\":\"es\",\"potentialAction\":[{\"@type\":\"ReadAction\",\"target\":[\"https:\/\/www.fdignasidegispert.cat\/es\/quienes-somos\/\"]}]},{\"@type\":\"ImageObject\",\"inLanguage\":\"es\",\"@id\":\"https:\/\/www.fdignasidegispert.cat\/es\/quienes-somos\/#primaryimage\",\"url\":\"https:\/\/www.fdignasidegispert.cat\/wp-content\/uploads\/2016\/02\/quisom_ES.jpg\",\"contentUrl\":\"https:\/\/www.fdignasidegispert.cat\/wp-content\/uploads\/2016\/02\/quisom_ES.jpg\"},{\"@type\":\"BreadcrumbList\",\"@id\":\"https:\/\/www.fdignasidegispert.cat\/es\/quienes-somos\/#breadcrumb\",\"itemListElement\":[{\"@type\":\"ListItem\",\"position\":1,\"name\":\"Inici\",\"item\":\"https:\/\/www.fdignasidegispert.cat\/es\/\"},{\"@type\":\"ListItem\",\"position\":2,\"name\":\"Qui\u00e9nes somos\"}]},{\"@type\":\"WebSite\",\"@id\":\"https:\/\/www.fdignasidegispert.cat\/#website\",\"url\":\"https:\/\/www.fdignasidegispert.cat\/\",\"name\":\"Fundaci\u00f3 privada deg\u00e0 Ignasi de Gispert\",\"description\":\"\",\"publisher\":{\"@id\":\"https:\/\/www.fdignasidegispert.cat\/#organization\"},\"potentialAction\":[{\"@type\":\"SearchAction\",\"target\":{\"@type\":\"EntryPoint\",\"urlTemplate\":\"https:\/\/www.fdignasidegispert.cat\/?s={search_term_string}\"},\"query-input\":{\"@type\":\"PropertyValueSpecification\",\"valueRequired\":true,\"valueName\":\"search_term_string\"}}],\"inLanguage\":\"es\"},{\"@type\":\"Organization\",\"@id\":\"https:\/\/www.fdignasidegispert.cat\/#organization\",\"name\":\"Fundaci\u00f3 privada deg\u00e0 Ignasi de Gispert\",\"url\":\"https:\/\/www.fdignasidegispert.cat\/\",\"logo\":{\"@type\":\"ImageObject\",\"inLanguage\":\"es\",\"@id\":\"https:\/\/www.fdignasidegispert.cat\/#\/schema\/logo\/image\/\",\"url\":\"https:\/\/www.fdignasidegispert.cat\/wp-content\/uploads\/2016\/12\/LogotipFundacioIgnasiDeGispert-1.jpg\",\"contentUrl\":\"https:\/\/www.fdignasidegispert.cat\/wp-content\/uploads\/2016\/12\/LogotipFundacioIgnasiDeGispert-1.jpg\",\"width\":174,\"height\":174,\"caption\":\"Fundaci\u00f3 privada deg\u00e0 Ignasi de Gispert\"},\"image\":{\"@id\":\"https:\/\/www.fdignasidegispert.cat\/#\/schema\/logo\/image\/\"}}]}<\/script>\n<!-- \/ Yoast SEO plugin. -->","yoast_head_json":{"title":"Qui\u00e9nes somos - Fundaci\u00f3 privada deg\u00e0 Ignasi de Gispert","robots":{"index":"index","follow":"follow","max-snippet":"max-snippet:-1","max-image-preview":"max-image-preview:large","max-video-preview":"max-video-preview:-1"},"canonical":"https:\/\/www.fdignasidegispert.cat\/es\/quienes-somos\/","og_locale":"es_ES","og_type":"article","og_title":"Qui\u00e9nes somos - Fundaci\u00f3 privada deg\u00e0 Ignasi de Gispert","og_url":"https:\/\/www.fdignasidegispert.cat\/es\/quienes-somos\/","og_site_name":"Fundaci\u00f3 privada deg\u00e0 Ignasi de Gispert","article_modified_time":"2025-09-29T16:03:22+00:00","og_image":[{"width":1160,"height":300,"url":"https:\/\/www.fdignasidegispert.cat\/wp-content\/uploads\/2016\/02\/quisom_ES.jpg","type":"image\/jpeg"}],"twitter_card":"summary_large_image","twitter_misc":{"Tiempo de lectura":"5 minutos"},"schema":{"@context":"https:\/\/schema.org","@graph":[{"@type":"WebPage","@id":"https:\/\/www.fdignasidegispert.cat\/es\/quienes-somos\/","url":"https:\/\/www.fdignasidegispert.cat\/es\/quienes-somos\/","name":"Qui\u00e9nes somos - Fundaci\u00f3 privada deg\u00e0 Ignasi de Gispert","isPartOf":{"@id":"https:\/\/www.fdignasidegispert.cat\/#website"},"primaryImageOfPage":{"@id":"https:\/\/www.fdignasidegispert.cat\/es\/quienes-somos\/#primaryimage"},"image":{"@id":"https:\/\/www.fdignasidegispert.cat\/es\/quienes-somos\/#primaryimage"},"thumbnailUrl":"https:\/\/www.fdignasidegispert.cat\/wp-content\/uploads\/2016\/02\/quisom_ES.jpg","datePublished":"2016-02-17T14:38:52+00:00","dateModified":"2025-09-29T16:03:22+00:00","breadcrumb":{"@id":"https:\/\/www.fdignasidegispert.cat\/es\/quienes-somos\/#breadcrumb"},"inLanguage":"es","potentialAction":[{"@type":"ReadAction","target":["https:\/\/www.fdignasidegispert.cat\/es\/quienes-somos\/"]}]},{"@type":"ImageObject","inLanguage":"es","@id":"https:\/\/www.fdignasidegispert.cat\/es\/quienes-somos\/#primaryimage","url":"https:\/\/www.fdignasidegispert.cat\/wp-content\/uploads\/2016\/02\/quisom_ES.jpg","contentUrl":"https:\/\/www.fdignasidegispert.cat\/wp-content\/uploads\/2016\/02\/quisom_ES.jpg"},{"@type":"BreadcrumbList","@id":"https:\/\/www.fdignasidegispert.cat\/es\/quienes-somos\/#breadcrumb","itemListElement":[{"@type":"ListItem","position":1,"name":"Inici","item":"https:\/\/www.fdignasidegispert.cat\/es\/"},{"@type":"ListItem","position":2,"name":"Qui\u00e9nes somos"}]},{"@type":"WebSite","@id":"https:\/\/www.fdignasidegispert.cat\/#website","url":"https:\/\/www.fdignasidegispert.cat\/","name":"Fundaci\u00f3 privada deg\u00e0 Ignasi de Gispert","description":"","publisher":{"@id":"https:\/\/www.fdignasidegispert.cat\/#organization"},"potentialAction":[{"@type":"SearchAction","target":{"@type":"EntryPoint","urlTemplate":"https:\/\/www.fdignasidegispert.cat\/?s={search_term_string}"},"query-input":{"@type":"PropertyValueSpecification","valueRequired":true,"valueName":"search_term_string"}}],"inLanguage":"es"},{"@type":"Organization","@id":"https:\/\/www.fdignasidegispert.cat\/#organization","name":"Fundaci\u00f3 privada deg\u00e0 Ignasi de Gispert","url":"https:\/\/www.fdignasidegispert.cat\/","logo":{"@type":"ImageObject","inLanguage":"es","@id":"https:\/\/www.fdignasidegispert.cat\/#\/schema\/logo\/image\/","url":"https:\/\/www.fdignasidegispert.cat\/wp-content\/uploads\/2016\/12\/LogotipFundacioIgnasiDeGispert-1.jpg","contentUrl":"https:\/\/www.fdignasidegispert.cat\/wp-content\/uploads\/2016\/12\/LogotipFundacioIgnasiDeGispert-1.jpg","width":174,"height":174,"caption":"Fundaci\u00f3 privada deg\u00e0 Ignasi de Gispert"},"image":{"@id":"https:\/\/www.fdignasidegispert.cat\/#\/schema\/logo\/image\/"}}]}},"_links":{"self":[{"href":"https:\/\/www.fdignasidegispert.cat\/es\/wp-json\/wp\/v2\/pages\/39","targetHints":{"allow":["GET"]}}],"collection":[{"href":"https:\/\/www.fdignasidegispert.cat\/es\/wp-json\/wp\/v2\/pages"}],"about":[{"href":"https:\/\/www.fdignasidegispert.cat\/es\/wp-json\/wp\/v2\/types\/page"}],"author":[{"embeddable":true,"href":"https:\/\/www.fdignasidegispert.cat\/es\/wp-json\/wp\/v2\/users\/6"}],"replies":[{"embeddable":true,"href":"https:\/\/www.fdignasidegispert.cat\/es\/wp-json\/wp\/v2\/comments?post=39"}],"version-history":[{"count":61,"href":"https:\/\/www.fdignasidegispert.cat\/es\/wp-json\/wp\/v2\/pages\/39\/revisions"}],"predecessor-version":[{"id":2496,"href":"https:\/\/www.fdignasidegispert.cat\/es\/wp-json\/wp\/v2\/pages\/39\/revisions\/2496"}],"wp:attachment":[{"href":"https:\/\/www.fdignasidegispert.cat\/es\/wp-json\/wp\/v2\/media?parent=39"}],"curies":[{"name":"wp","href":"https:\/\/api.w.org\/{rel}","templated":true}]}}