{"id":2356,"date":"2024-04-18T11:09:51","date_gmt":"2024-04-18T09:09:51","guid":{"rendered":"https:\/\/www.fdignasidegispert.cat\/?page_id=2356"},"modified":"2024-04-18T13:01:19","modified_gmt":"2024-04-18T11:01:19","slug":"la-fundacion-dega-ignasi-de-gispert-recibe-el-premio-jaume-brufau-i-prats","status":"publish","type":"page","link":"https:\/\/www.fdignasidegispert.cat\/es\/la-fundacion-dega-ignasi-de-gispert-recibe-el-premio-jaume-brufau-i-prats\/","title":{"rendered":"Premio Jaume Brufau i Prats de la Universidad Abat Oliba CEU"},"content":{"rendered":"<style type=\"text\/css\"><\/style><h4><strong><img loading=\"lazy\" decoding=\"async\" class=\"size-medium wp-image-2351 aligncenter\" src=\"https:\/\/www.fdignasidegispert.cat\/wp-content\/uploads\/2024\/04\/Premi-Univ-Abat-Oliba-Fundacio-Dega-Ignasi-de-Gispert-300x283.jpeg\" alt=\"\" width=\"300\" height=\"283\" srcset=\"https:\/\/www.fdignasidegispert.cat\/wp-content\/uploads\/2024\/04\/Premi-Univ-Abat-Oliba-Fundacio-Dega-Ignasi-de-Gispert-300x283.jpeg 300w, https:\/\/www.fdignasidegispert.cat\/wp-content\/uploads\/2024\/04\/Premi-Univ-Abat-Oliba-Fundacio-Dega-Ignasi-de-Gispert-1024x965.jpeg 1024w, https:\/\/www.fdignasidegispert.cat\/wp-content\/uploads\/2024\/04\/Premi-Univ-Abat-Oliba-Fundacio-Dega-Ignasi-de-Gispert-768x724.jpeg 768w, https:\/\/www.fdignasidegispert.cat\/wp-content\/uploads\/2024\/04\/Premi-Univ-Abat-Oliba-Fundacio-Dega-Ignasi-de-Gispert-1536x1448.jpeg 1536w, https:\/\/www.fdignasidegispert.cat\/wp-content\/uploads\/2024\/04\/Premi-Univ-Abat-Oliba-Fundacio-Dega-Ignasi-de-Gispert-580x547.jpeg 580w, https:\/\/www.fdignasidegispert.cat\/wp-content\/uploads\/2024\/04\/Premi-Univ-Abat-Oliba-Fundacio-Dega-Ignasi-de-Gispert-860x810.jpeg 860w, https:\/\/www.fdignasidegispert.cat\/wp-content\/uploads\/2024\/04\/Premi-Univ-Abat-Oliba-Fundacio-Dega-Ignasi-de-Gispert-1160x1093.jpeg 1160w, https:\/\/www.fdignasidegispert.cat\/wp-content\/uploads\/2024\/04\/Premi-Univ-Abat-Oliba-Fundacio-Dega-Ignasi-de-Gispert.jpeg 2048w\" sizes=\"auto, (max-width: 300px) 100vw, 300px\" \/><\/strong><\/h4>\n<h4><strong>La Fundaci\u00f3n Deg\u00e0 Ignasi de Gispert recibe el Premio Jaume Brufau i Prats de la Universidad Abat Oliba CEU<\/strong><\/h4>\n<p>La entrega del premio tuvo lugar el d\u00eda 7 de marzo en el marco de la celebraci\u00f3n de la festividad de Santo Tom\u00e1s de Aquino por parte de la Universidad Abat Oliba CEU. En representaci\u00f3n del Ilustre Colegio de la Abogac\u00eda de Barcelona (ICAB) ha asistido a la ceremonia el secretario de la Junta de Gobierno y secretario de la FdIdG, Joaquim de Miquel, que ha recogido el galard\u00f3n. El premio, entregado por el decano de la Universidad, el Dr. Rafael Rodr\u00edguez-Ponga, ha querido reconocer la labor social que impulsa la Fundaci\u00f3n Deg\u00e0 Ignasi de Gispert. Nos gustar\u00eda expresar nuestro m\u00e1s sincero agradecimiento a todo el colectivo de abogados y abogadas que nos brinda su valioso apoyo para seguir adelante con nuestra labor social. Su compromiso y dedicaci\u00f3n son fundamentales para el \u00e9xito de nuestros proyectos y programas. Tambi\u00e9n queremos agradecer el reconocimiento que hemos recibido, y que nos impulsa a seguir trabajando. Muchas gracias a todos.<\/p>\n","protected":false},"excerpt":{"rendered":"<p>La Fundaci\u00f3n Deg\u00e0 Ignasi de Gispert recibe el Premio Jaume Brufau i Prats de la Universidad Abat Oliba CEU La entrega del premio tuvo lugar el d\u00eda 7 de marzo&#8230;<\/p>\n","protected":false},"author":6,"featured_media":2351,"parent":0,"menu_order":0,"comment_status":"closed","ping_status":"closed","template":"","meta":{"footnotes":""},"class_list":["post-2356","page","type-page","status-publish","has-post-thumbnail","hentry"],"yoast_head":"<!-- This site is optimized with the Yoast SEO plugin v27.4 - https:\/\/yoast.com\/product\/yoast-seo-wordpress\/ -->\n<title>Premio Jaume Brufau i Prats de la Universidad Abat Oliba CEU - Fundaci\u00f3 privada deg\u00e0 Ignasi de Gispert<\/title>\n<meta name=\"description\" content=\"La entrega del premio tuvo lugar el d\u00eda 7 de marzo en el marco de la celebraci\u00f3n de la festividad de Santo Tom\u00e1s de Aquino por parte de la Universidad Abat Oliba CEU. En representaci\u00f3n del Ilustre Colegio de la Abogac\u00eda de Barcelona (ICAB) ha asistido a la ceremonia el secretario de la Junta de Gobierno y secretario de la FdIdG, Joaquim de Miquel, que ha recogido el galard\u00f3n. El premio, entregado por el decano de la Universidad, el Dr. Rafael Rodr\u00edguez-Ponga, ha querido reconocer la labor social que impulsa la Fundaci\u00f3n Deg\u00e0 Ignasi de Gispert. Nos gustar\u00eda expresar nuestro m\u00e1s sincero agradecimiento a todo el colectivo de abogados y abogadas que nos brinda su valioso apoyo para seguir adelante con nuestra labor social. Su compromiso y dedicaci\u00f3n son fundamentales para el \u00e9xito de nuestros proyectos y programas. Tambi\u00e9n queremos agradecer el reconocimiento que hemos recibido, y que nos impulsa a seguir trabajando. Muchas gracias a todos.\" \/>\n<meta name=\"robots\" content=\"index, follow, max-snippet:-1, max-image-preview:large, max-video-preview:-1\" \/>\n<link rel=\"canonical\" href=\"https:\/\/www.fdignasidegispert.cat\/es\/la-fundacion-dega-ignasi-de-gispert-recibe-el-premio-jaume-brufau-i-prats\/\" \/>\n<meta property=\"og:locale\" content=\"es_ES\" \/>\n<meta property=\"og:type\" content=\"article\" \/>\n<meta property=\"og:title\" content=\"Premio Jaume Brufau i Prats de la Universidad Abat Oliba CEU - Fundaci\u00f3 privada deg\u00e0 Ignasi de Gispert\" \/>\n<meta property=\"og:description\" content=\"La entrega del premio tuvo lugar el d\u00eda 7 de marzo en el marco de la celebraci\u00f3n de la festividad de Santo Tom\u00e1s de Aquino por parte de la Universidad Abat Oliba CEU. En representaci\u00f3n del Ilustre Colegio de la Abogac\u00eda de Barcelona (ICAB) ha asistido a la ceremonia el secretario de la Junta de Gobierno y secretario de la FdIdG, Joaquim de Miquel, que ha recogido el galard\u00f3n. El premio, entregado por el decano de la Universidad, el Dr. Rafael Rodr\u00edguez-Ponga, ha querido reconocer la labor social que impulsa la Fundaci\u00f3n Deg\u00e0 Ignasi de Gispert. Nos gustar\u00eda expresar nuestro m\u00e1s sincero agradecimiento a todo el colectivo de abogados y abogadas que nos brinda su valioso apoyo para seguir adelante con nuestra labor social. Su compromiso y dedicaci\u00f3n son fundamentales para el \u00e9xito de nuestros proyectos y programas. Tambi\u00e9n queremos agradecer el reconocimiento que hemos recibido, y que nos impulsa a seguir trabajando. Muchas gracias a todos.\" \/>\n<meta property=\"og:url\" content=\"https:\/\/www.fdignasidegispert.cat\/es\/la-fundacion-dega-ignasi-de-gispert-recibe-el-premio-jaume-brufau-i-prats\/\" \/>\n<meta property=\"og:site_name\" content=\"Fundaci\u00f3 privada deg\u00e0 Ignasi de Gispert\" \/>\n<meta property=\"article:modified_time\" content=\"2024-04-18T11:01:19+00:00\" \/>\n<meta property=\"og:image\" content=\"https:\/\/www.fdignasidegispert.cat\/wp-content\/uploads\/2024\/04\/Premi-Univ-Abat-Oliba-Fundacio-Dega-Ignasi-de-Gispert.jpeg\" \/>\n\t<meta property=\"og:image:width\" content=\"2048\" \/>\n\t<meta property=\"og:image:height\" content=\"1930\" \/>\n\t<meta property=\"og:image:type\" content=\"image\/jpeg\" \/>\n<meta name=\"twitter:card\" content=\"summary_large_image\" \/>\n<meta name=\"twitter:label1\" content=\"Tiempo de lectura\" \/>\n\t<meta name=\"twitter:data1\" content=\"2 minutos\" \/>\n<script type=\"application\/ld+json\" class=\"yoast-schema-graph\">{\"@context\":\"https:\\\/\\\/schema.org\",\"@graph\":[{\"@type\":\"WebPage\",\"@id\":\"https:\\\/\\\/www.fdignasidegispert.cat\\\/es\\\/la-fundacion-dega-ignasi-de-gispert-recibe-el-premio-jaume-brufau-i-prats\\\/\",\"url\":\"https:\\\/\\\/www.fdignasidegispert.cat\\\/es\\\/la-fundacion-dega-ignasi-de-gispert-recibe-el-premio-jaume-brufau-i-prats\\\/\",\"name\":\"Premio Jaume Brufau i Prats de la Universidad Abat Oliba CEU - Fundaci\u00f3 privada deg\u00e0 Ignasi de Gispert\",\"isPartOf\":{\"@id\":\"https:\\\/\\\/www.fdignasidegispert.cat\\\/#website\"},\"primaryImageOfPage\":{\"@id\":\"https:\\\/\\\/www.fdignasidegispert.cat\\\/es\\\/la-fundacion-dega-ignasi-de-gispert-recibe-el-premio-jaume-brufau-i-prats\\\/#primaryimage\"},\"image\":{\"@id\":\"https:\\\/\\\/www.fdignasidegispert.cat\\\/es\\\/la-fundacion-dega-ignasi-de-gispert-recibe-el-premio-jaume-brufau-i-prats\\\/#primaryimage\"},\"thumbnailUrl\":\"https:\\\/\\\/www.fdignasidegispert.cat\\\/wp-content\\\/uploads\\\/2024\\\/04\\\/Premi-Univ-Abat-Oliba-Fundacio-Dega-Ignasi-de-Gispert.jpeg\",\"datePublished\":\"2024-04-18T09:09:51+00:00\",\"dateModified\":\"2024-04-18T11:01:19+00:00\",\"description\":\"La entrega del premio tuvo lugar el d\u00eda 7 de marzo en el marco de la celebraci\u00f3n de la festividad de Santo Tom\u00e1s de Aquino por parte de la Universidad Abat Oliba CEU. En representaci\u00f3n del Ilustre Colegio de la Abogac\u00eda de Barcelona (ICAB) ha asistido a la ceremonia el secretario de la Junta de Gobierno y secretario de la FdIdG, Joaquim de Miquel, que ha recogido el galard\u00f3n. El premio, entregado por el decano de la Universidad, el Dr. Rafael Rodr\u00edguez-Ponga, ha querido reconocer la labor social que impulsa la Fundaci\u00f3n Deg\u00e0 Ignasi de Gispert. Nos gustar\u00eda expresar nuestro m\u00e1s sincero agradecimiento a todo el colectivo de abogados y abogadas que nos brinda su valioso apoyo para seguir adelante con nuestra labor social. Su compromiso y dedicaci\u00f3n son fundamentales para el \u00e9xito de nuestros proyectos y programas. Tambi\u00e9n queremos agradecer el reconocimiento que hemos recibido, y que nos impulsa a seguir trabajando. Muchas gracias a todos.\",\"breadcrumb\":{\"@id\":\"https:\\\/\\\/www.fdignasidegispert.cat\\\/es\\\/la-fundacion-dega-ignasi-de-gispert-recibe-el-premio-jaume-brufau-i-prats\\\/#breadcrumb\"},\"inLanguage\":\"es\",\"potentialAction\":[{\"@type\":\"ReadAction\",\"target\":[\"https:\\\/\\\/www.fdignasidegispert.cat\\\/es\\\/la-fundacion-dega-ignasi-de-gispert-recibe-el-premio-jaume-brufau-i-prats\\\/\"]}]},{\"@type\":\"ImageObject\",\"inLanguage\":\"es\",\"@id\":\"https:\\\/\\\/www.fdignasidegispert.cat\\\/es\\\/la-fundacion-dega-ignasi-de-gispert-recibe-el-premio-jaume-brufau-i-prats\\\/#primaryimage\",\"url\":\"https:\\\/\\\/www.fdignasidegispert.cat\\\/wp-content\\\/uploads\\\/2024\\\/04\\\/Premi-Univ-Abat-Oliba-Fundacio-Dega-Ignasi-de-Gispert.jpeg\",\"contentUrl\":\"https:\\\/\\\/www.fdignasidegispert.cat\\\/wp-content\\\/uploads\\\/2024\\\/04\\\/Premi-Univ-Abat-Oliba-Fundacio-Dega-Ignasi-de-Gispert.jpeg\",\"width\":2048,\"height\":1930},{\"@type\":\"BreadcrumbList\",\"@id\":\"https:\\\/\\\/www.fdignasidegispert.cat\\\/es\\\/la-fundacion-dega-ignasi-de-gispert-recibe-el-premio-jaume-brufau-i-prats\\\/#breadcrumb\",\"itemListElement\":[{\"@type\":\"ListItem\",\"position\":1,\"name\":\"Inici\",\"item\":\"https:\\\/\\\/www.fdignasidegispert.cat\\\/es\\\/\"},{\"@type\":\"ListItem\",\"position\":2,\"name\":\"Premio Jaume Brufau i Prats de la Universidad Abat Oliba CEU\"}]},{\"@type\":\"WebSite\",\"@id\":\"https:\\\/\\\/www.fdignasidegispert.cat\\\/#website\",\"url\":\"https:\\\/\\\/www.fdignasidegispert.cat\\\/\",\"name\":\"Fundaci\u00f3 privada deg\u00e0 Ignasi de Gispert\",\"description\":\"\",\"publisher\":{\"@id\":\"https:\\\/\\\/www.fdignasidegispert.cat\\\/#organization\"},\"potentialAction\":[{\"@type\":\"SearchAction\",\"target\":{\"@type\":\"EntryPoint\",\"urlTemplate\":\"https:\\\/\\\/www.fdignasidegispert.cat\\\/?s={search_term_string}\"},\"query-input\":{\"@type\":\"PropertyValueSpecification\",\"valueRequired\":true,\"valueName\":\"search_term_string\"}}],\"inLanguage\":\"es\"},{\"@type\":\"Organization\",\"@id\":\"https:\\\/\\\/www.fdignasidegispert.cat\\\/#organization\",\"name\":\"Fundaci\u00f3 privada deg\u00e0 Ignasi de Gispert\",\"url\":\"https:\\\/\\\/www.fdignasidegispert.cat\\\/\",\"logo\":{\"@type\":\"ImageObject\",\"inLanguage\":\"es\",\"@id\":\"https:\\\/\\\/www.fdignasidegispert.cat\\\/#\\\/schema\\\/logo\\\/image\\\/\",\"url\":\"https:\\\/\\\/www.fdignasidegispert.cat\\\/wp-content\\\/uploads\\\/2016\\\/12\\\/LogotipFundacioIgnasiDeGispert-1.jpg\",\"contentUrl\":\"https:\\\/\\\/www.fdignasidegispert.cat\\\/wp-content\\\/uploads\\\/2016\\\/12\\\/LogotipFundacioIgnasiDeGispert-1.jpg\",\"width\":174,\"height\":174,\"caption\":\"Fundaci\u00f3 privada deg\u00e0 Ignasi de Gispert\"},\"image\":{\"@id\":\"https:\\\/\\\/www.fdignasidegispert.cat\\\/#\\\/schema\\\/logo\\\/image\\\/\"}}]}<\/script>\n<!-- \/ Yoast SEO plugin. -->","yoast_head_json":{"title":"Premio Jaume Brufau i Prats de la Universidad Abat Oliba CEU - Fundaci\u00f3 privada deg\u00e0 Ignasi de Gispert","description":"La entrega del premio tuvo lugar el d\u00eda 7 de marzo en el marco de la celebraci\u00f3n de la festividad de Santo Tom\u00e1s de Aquino por parte de la Universidad Abat Oliba CEU. En representaci\u00f3n del Ilustre Colegio de la Abogac\u00eda de Barcelona (ICAB) ha asistido a la ceremonia el secretario de la Junta de Gobierno y secretario de la FdIdG, Joaquim de Miquel, que ha recogido el galard\u00f3n. El premio, entregado por el decano de la Universidad, el Dr. Rafael Rodr\u00edguez-Ponga, ha querido reconocer la labor social que impulsa la Fundaci\u00f3n Deg\u00e0 Ignasi de Gispert. Nos gustar\u00eda expresar nuestro m\u00e1s sincero agradecimiento a todo el colectivo de abogados y abogadas que nos brinda su valioso apoyo para seguir adelante con nuestra labor social. Su compromiso y dedicaci\u00f3n son fundamentales para el \u00e9xito de nuestros proyectos y programas. Tambi\u00e9n queremos agradecer el reconocimiento que hemos recibido, y que nos impulsa a seguir trabajando. Muchas gracias a todos.","robots":{"index":"index","follow":"follow","max-snippet":"max-snippet:-1","max-image-preview":"max-image-preview:large","max-video-preview":"max-video-preview:-1"},"canonical":"https:\/\/www.fdignasidegispert.cat\/es\/la-fundacion-dega-ignasi-de-gispert-recibe-el-premio-jaume-brufau-i-prats\/","og_locale":"es_ES","og_type":"article","og_title":"Premio Jaume Brufau i Prats de la Universidad Abat Oliba CEU - Fundaci\u00f3 privada deg\u00e0 Ignasi de Gispert","og_description":"La entrega del premio tuvo lugar el d\u00eda 7 de marzo en el marco de la celebraci\u00f3n de la festividad de Santo Tom\u00e1s de Aquino por parte de la Universidad Abat Oliba CEU. En representaci\u00f3n del Ilustre Colegio de la Abogac\u00eda de Barcelona (ICAB) ha asistido a la ceremonia el secretario de la Junta de Gobierno y secretario de la FdIdG, Joaquim de Miquel, que ha recogido el galard\u00f3n. El premio, entregado por el decano de la Universidad, el Dr. Rafael Rodr\u00edguez-Ponga, ha querido reconocer la labor social que impulsa la Fundaci\u00f3n Deg\u00e0 Ignasi de Gispert. Nos gustar\u00eda expresar nuestro m\u00e1s sincero agradecimiento a todo el colectivo de abogados y abogadas que nos brinda su valioso apoyo para seguir adelante con nuestra labor social. Su compromiso y dedicaci\u00f3n son fundamentales para el \u00e9xito de nuestros proyectos y programas. Tambi\u00e9n queremos agradecer el reconocimiento que hemos recibido, y que nos impulsa a seguir trabajando. Muchas gracias a todos.","og_url":"https:\/\/www.fdignasidegispert.cat\/es\/la-fundacion-dega-ignasi-de-gispert-recibe-el-premio-jaume-brufau-i-prats\/","og_site_name":"Fundaci\u00f3 privada deg\u00e0 Ignasi de Gispert","article_modified_time":"2024-04-18T11:01:19+00:00","og_image":[{"width":2048,"height":1930,"url":"https:\/\/www.fdignasidegispert.cat\/wp-content\/uploads\/2024\/04\/Premi-Univ-Abat-Oliba-Fundacio-Dega-Ignasi-de-Gispert.jpeg","type":"image\/jpeg"}],"twitter_card":"summary_large_image","twitter_misc":{"Tiempo de lectura":"2 minutos"},"schema":{"@context":"https:\/\/schema.org","@graph":[{"@type":"WebPage","@id":"https:\/\/www.fdignasidegispert.cat\/es\/la-fundacion-dega-ignasi-de-gispert-recibe-el-premio-jaume-brufau-i-prats\/","url":"https:\/\/www.fdignasidegispert.cat\/es\/la-fundacion-dega-ignasi-de-gispert-recibe-el-premio-jaume-brufau-i-prats\/","name":"Premio Jaume Brufau i Prats de la Universidad Abat Oliba CEU - Fundaci\u00f3 privada deg\u00e0 Ignasi de Gispert","isPartOf":{"@id":"https:\/\/www.fdignasidegispert.cat\/#website"},"primaryImageOfPage":{"@id":"https:\/\/www.fdignasidegispert.cat\/es\/la-fundacion-dega-ignasi-de-gispert-recibe-el-premio-jaume-brufau-i-prats\/#primaryimage"},"image":{"@id":"https:\/\/www.fdignasidegispert.cat\/es\/la-fundacion-dega-ignasi-de-gispert-recibe-el-premio-jaume-brufau-i-prats\/#primaryimage"},"thumbnailUrl":"https:\/\/www.fdignasidegispert.cat\/wp-content\/uploads\/2024\/04\/Premi-Univ-Abat-Oliba-Fundacio-Dega-Ignasi-de-Gispert.jpeg","datePublished":"2024-04-18T09:09:51+00:00","dateModified":"2024-04-18T11:01:19+00:00","description":"La entrega del premio tuvo lugar el d\u00eda 7 de marzo en el marco de la celebraci\u00f3n de la festividad de Santo Tom\u00e1s de Aquino por parte de la Universidad Abat Oliba CEU. En representaci\u00f3n del Ilustre Colegio de la Abogac\u00eda de Barcelona (ICAB) ha asistido a la ceremonia el secretario de la Junta de Gobierno y secretario de la FdIdG, Joaquim de Miquel, que ha recogido el galard\u00f3n. El premio, entregado por el decano de la Universidad, el Dr. Rafael Rodr\u00edguez-Ponga, ha querido reconocer la labor social que impulsa la Fundaci\u00f3n Deg\u00e0 Ignasi de Gispert. Nos gustar\u00eda expresar nuestro m\u00e1s sincero agradecimiento a todo el colectivo de abogados y abogadas que nos brinda su valioso apoyo para seguir adelante con nuestra labor social. Su compromiso y dedicaci\u00f3n son fundamentales para el \u00e9xito de nuestros proyectos y programas. Tambi\u00e9n queremos agradecer el reconocimiento que hemos recibido, y que nos impulsa a seguir trabajando. Muchas gracias a todos.","breadcrumb":{"@id":"https:\/\/www.fdignasidegispert.cat\/es\/la-fundacion-dega-ignasi-de-gispert-recibe-el-premio-jaume-brufau-i-prats\/#breadcrumb"},"inLanguage":"es","potentialAction":[{"@type":"ReadAction","target":["https:\/\/www.fdignasidegispert.cat\/es\/la-fundacion-dega-ignasi-de-gispert-recibe-el-premio-jaume-brufau-i-prats\/"]}]},{"@type":"ImageObject","inLanguage":"es","@id":"https:\/\/www.fdignasidegispert.cat\/es\/la-fundacion-dega-ignasi-de-gispert-recibe-el-premio-jaume-brufau-i-prats\/#primaryimage","url":"https:\/\/www.fdignasidegispert.cat\/wp-content\/uploads\/2024\/04\/Premi-Univ-Abat-Oliba-Fundacio-Dega-Ignasi-de-Gispert.jpeg","contentUrl":"https:\/\/www.fdignasidegispert.cat\/wp-content\/uploads\/2024\/04\/Premi-Univ-Abat-Oliba-Fundacio-Dega-Ignasi-de-Gispert.jpeg","width":2048,"height":1930},{"@type":"BreadcrumbList","@id":"https:\/\/www.fdignasidegispert.cat\/es\/la-fundacion-dega-ignasi-de-gispert-recibe-el-premio-jaume-brufau-i-prats\/#breadcrumb","itemListElement":[{"@type":"ListItem","position":1,"name":"Inici","item":"https:\/\/www.fdignasidegispert.cat\/es\/"},{"@type":"ListItem","position":2,"name":"Premio Jaume Brufau i Prats de la Universidad Abat Oliba CEU"}]},{"@type":"WebSite","@id":"https:\/\/www.fdignasidegispert.cat\/#website","url":"https:\/\/www.fdignasidegispert.cat\/","name":"Fundaci\u00f3 privada deg\u00e0 Ignasi de Gispert","description":"","publisher":{"@id":"https:\/\/www.fdignasidegispert.cat\/#organization"},"potentialAction":[{"@type":"SearchAction","target":{"@type":"EntryPoint","urlTemplate":"https:\/\/www.fdignasidegispert.cat\/?s={search_term_string}"},"query-input":{"@type":"PropertyValueSpecification","valueRequired":true,"valueName":"search_term_string"}}],"inLanguage":"es"},{"@type":"Organization","@id":"https:\/\/www.fdignasidegispert.cat\/#organization","name":"Fundaci\u00f3 privada deg\u00e0 Ignasi de Gispert","url":"https:\/\/www.fdignasidegispert.cat\/","logo":{"@type":"ImageObject","inLanguage":"es","@id":"https:\/\/www.fdignasidegispert.cat\/#\/schema\/logo\/image\/","url":"https:\/\/www.fdignasidegispert.cat\/wp-content\/uploads\/2016\/12\/LogotipFundacioIgnasiDeGispert-1.jpg","contentUrl":"https:\/\/www.fdignasidegispert.cat\/wp-content\/uploads\/2016\/12\/LogotipFundacioIgnasiDeGispert-1.jpg","width":174,"height":174,"caption":"Fundaci\u00f3 privada deg\u00e0 Ignasi de Gispert"},"image":{"@id":"https:\/\/www.fdignasidegispert.cat\/#\/schema\/logo\/image\/"}}]}},"_links":{"self":[{"href":"https:\/\/www.fdignasidegispert.cat\/es\/wp-json\/wp\/v2\/pages\/2356","targetHints":{"allow":["GET"]}}],"collection":[{"href":"https:\/\/www.fdignasidegispert.cat\/es\/wp-json\/wp\/v2\/pages"}],"about":[{"href":"https:\/\/www.fdignasidegispert.cat\/es\/wp-json\/wp\/v2\/types\/page"}],"author":[{"embeddable":true,"href":"https:\/\/www.fdignasidegispert.cat\/es\/wp-json\/wp\/v2\/users\/6"}],"replies":[{"embeddable":true,"href":"https:\/\/www.fdignasidegispert.cat\/es\/wp-json\/wp\/v2\/comments?post=2356"}],"version-history":[{"count":4,"href":"https:\/\/www.fdignasidegispert.cat\/es\/wp-json\/wp\/v2\/pages\/2356\/revisions"}],"predecessor-version":[{"id":2390,"href":"https:\/\/www.fdignasidegispert.cat\/es\/wp-json\/wp\/v2\/pages\/2356\/revisions\/2390"}],"wp:featuredmedia":[{"embeddable":true,"href":"https:\/\/www.fdignasidegispert.cat\/es\/wp-json\/wp\/v2\/media\/2351"}],"wp:attachment":[{"href":"https:\/\/www.fdignasidegispert.cat\/es\/wp-json\/wp\/v2\/media?parent=2356"}],"curies":[{"name":"wp","href":"https:\/\/api.w.org\/{rel}","templated":true}]}}