{"id":210,"date":"2016-02-24T11:04:32","date_gmt":"2016-02-24T11:04:32","guid":{"rendered":"http:\/\/www.fdignasidegispert.cat\/?page_id=210&#038;lang=es"},"modified":"2020-02-14T13:15:04","modified_gmt":"2020-02-14T12:15:04","slug":"politica-de-privacidad","status":"publish","type":"page","link":"https:\/\/www.fdignasidegispert.cat\/es\/politica-de-privacidad\/","title":{"rendered":"Pol\u00edtica de privacidad"},"content":{"rendered":"<style type=\"text\/css\"><\/style>\n<p><strong>POL\u00cdTICA DE PROTECCI\u00d3N DE DATOS<\/strong><\/p>\n\n\n\n<p><strong>\u00bfQui\u00e9n es el Responsable del tratamiento de sus datos?<\/strong><\/p>\n\n\n\n<p>Identidad: <strong>Fundaci\u00f3 privada deg\u00e0 Ignasi de Gispert<\/strong><\/p>\n\n\n\n<p>CIF: <strong>G62025226<\/strong><\/p>\n\n\n\n<p>Dir. postal: <strong>C\/ Mallorca, 281, 08037 Barcelona<\/strong><\/p>\n\n\n\n<p>Contacto por correo\nelectr\u00f3nico: <strong>fundacio@icab.cat<\/strong><\/p>\n\n\n\n<p><strong>\u00bfCon qu\u00e9 finalidad tratamos sus datos personales?<\/strong><\/p>\n\n\n\n<p>En Fundaci\u00f3 privada\ndeg\u00e0 Ignasi de Gispert tratamos la informaci\u00f3n que nos facilitan las personas\ninteresadas al contactar con nosotros por v\u00eda postal, electr\u00f3nica o telef\u00f3nica,\ncon el fin de responder sus consultas y poder informarle por v\u00eda postal,\ntelef\u00f3nica o electr\u00f3nica sobre nuestros servicios, novedades, campa\u00f1as, sorteos\ny eventos de Fundaci\u00f3 privada deg\u00e0 Ignasi de Gispert.&nbsp; No se tomar\u00e1n decisiones automatizadas en\nbase a dicha informaci\u00f3n. <\/p>\n\n\n\n<p>La Fundaci\u00f3 privada\ndeg\u00e0 Ignasi de Gispert tambi\u00e9n podr\u00e1 tratar la informaci\u00f3n de las personas\ninteresadas en alguno de los servicios ofrecidos por el responsable con el fin\nde gestionar la prestaci\u00f3n de los servicios solicitados.<\/p>\n\n\n\n<p><strong>\u00bfPor cu\u00e1nto tiempo conservaremos sus datos? <\/strong><\/p>\n\n\n\n<p>Los datos personales\nproporcionados se conservar\u00e1n hasta que se solicite su supresi\u00f3n&nbsp; o revoque su consentimiento por el\ninteresado. Para revocar su consentimiento puede presentar su solicitud a la\ncuenta de correo: <strong>fundacio@icab.cat<\/strong><\/p>\n\n\n\n<p>En el supuesto de solicitar\nel interesado o usuario los servicios ofrecidos por el responsable, los datos\npersonales proporcionados se conservar\u00e1n mientras se mantenga la relaci\u00f3n contractual\no del acuerdo de prestaci\u00f3n de servicio con Fundaci\u00f3 privada deg\u00e0 Ignasi de\nGispert y posteriormente hasta cumplir con obligaciones legales de conservaci\u00f3n\nen base a normativa vigente.<\/p>\n\n\n\n<p><strong>\u00bfCu\u00e1l es la legitimaci\u00f3n para el tratamiento de sus datos?<\/strong><\/p>\n\n\n\n<p>La base jur\u00eddica\npara el tratamiento de sus datos para la finalidad de poder responder sus\nconsultas e informarle sobre nuestros servicios, novedades, sorteos, concursos\ny\/o eventos de la Fundaci\u00f3 privada deg\u00e0 Ignasi de Gispert, es la aportaci\u00f3n del\nconsentimiento. <\/p>\n\n\n\n<p>La base jur\u00eddica\npara el tratamiento de sus datos para la finalidad de poder prestar los\nservicios solicitados por el usuario con la Fundaci\u00f3 privada deg\u00e0 Ignasi de\nGispert, es la ejecuci\u00f3n del contrato. <\/p>\n\n\n\n<p><strong>\u00bfCu\u00e1les son sus derechos cuando nos facilita sus datos?<\/strong><\/p>\n\n\n\n<ul class=\"wp-block-list\"><li>Cualquier persona\ntiene derecho a obtener confirmaci\u00f3n sobre si en Fundaci\u00f3 privada deg\u00e0 Ignasi\nde Gispert estamos tratando datos personales que les conciernan, o no.<\/li><\/ul>\n\n\n\n<ul class=\"wp-block-list\"><li>Las personas\ninteresadas tienen derecho a si acceder a sus datos personales, as\u00ed como a\nsolicitar la rectificaci\u00f3n de los datos inexactos o, en su caso, solicitar su\nsupresi\u00f3n cuando, entre otros motivos, los datos ya no sean necesarios para los\nfines que fueron recogidos.<\/li><\/ul>\n\n\n\n<ul class=\"wp-block-list\"><li>En determinadas\ncircunstancias, los interesados podr\u00e1n solicitar la limitaci\u00f3n del tratamiento\nde sus datos, en cuyo caso \u00fanicamente los conservaremos para el ejercicio o la\ndefensa de reclamaciones.<\/li><\/ul>\n\n\n\n<ul class=\"wp-block-list\"><li>En determinadas\ncircunstancias y por motivos relacionados con su situaci\u00f3n particular, los\ninteresados podr\u00e1n oponerse al tratamiento de sus datos.&nbsp; Fundaci\u00f3 privada deg\u00e0 Ignasi de Gispert dejar\u00e1\nde tratar los datos, salvo por motivos leg\u00edtimos imperiosos, o el ejercicio o\nla defensa de posibles reclamaciones.<\/li><\/ul>\n\n\n\n<ul class=\"wp-block-list\"><li>Los interesados\npodr\u00e1n solicitar la portabilidad de sus datos en soporte automatizado a otro\nresponsable.<\/li><\/ul>\n\n\n\n<ul class=\"wp-block-list\"><li>En el momento de la\ncancelaci\u00f3n de los datos, \u00fanicamente los conservaremos bloqueados en\ncumplimiento de obligaciones legales.<\/li><\/ul>\n\n\n\n<p>Puede consultar m\u00e1s\ninformaci\u00f3n sobre sus derechos o presentar una reclamaci\u00f3n ante la Agencia\nEspa\u00f1ola de Protecci\u00f3n de Datos en <a href=\"http:\/\/www.agpd.es\/\">www.agpd.es<\/a>\n. Para ejercer los derechos de acceso, rectificaci\u00f3n, supresi\u00f3n, oposici\u00f3n,\nportabilidad de los datos, limitaci\u00f3n del tratamiento o solicitar la revocaci\u00f3n\ndel consentimiento prestado, puede dirigirse al Fundaci\u00f3 privada deg\u00e0 Ignasi de\nGispert enviando un correo electr\u00f3nico a <strong>fundacio@icab.cat<\/strong><\/p>\n\n\n\n<p><strong>\u00bfC\u00f3mo hemos obtenido sus datos?<\/strong><\/p>\n\n\n\n<p>Los datos personales\nque tratamos en la Fundaci\u00f3 privada deg\u00e0 Ignasi de Gispert proceden del propio\ninteresado.<\/p>\n\n\n\n<p><strong>Las categor\u00edas de datos que se tratan son:<\/strong><\/p>\n\n\n\n<ul class=\"wp-block-list\"><li>Datos de\nidentificaci\u00f3n <\/li><li>C\u00f3digos o claves de\nidentificaci\u00f3n <\/li><li>Direcciones postales\no electr\u00f3nicas<\/li><\/ul>\n\n\n\n<p><strong>\u00bfC\u00f3mo garantizamos la seguridad de sus datos?<\/strong><\/p>\n\n\n\n<p>Adoptamos las\nmedidas necesarias para evitar su alteraci\u00f3n, tratamiento o acceso no\nautorizado, habida cuenta en todo momento del estado de la tecnolog\u00eda.<strong><br>\n<\/strong><\/p>\n","protected":false},"excerpt":{"rendered":"<p>POL\u00cdTICA DE PROTECCI\u00d3N DE DATOS \u00bfQui\u00e9n es el Responsable del tratamiento de sus datos? Identidad: Fundaci\u00f3 privada deg\u00e0 Ignasi de Gispert CIF: G62025226 Dir. postal: C\/ Mallorca, 281, 08037 Barcelona&#8230;<\/p>\n","protected":false},"author":6,"featured_media":0,"parent":0,"menu_order":0,"comment_status":"closed","ping_status":"closed","template":"","meta":{"footnotes":""},"class_list":["post-210","page","type-page","status-publish","hentry"],"yoast_head":"<!-- This site is optimized with the Yoast SEO plugin v27.4 - https:\/\/yoast.com\/product\/yoast-seo-wordpress\/ -->\n<title>Pol\u00edtica de privacidad - Fundaci\u00f3 privada deg\u00e0 Ignasi de Gispert<\/title>\n<meta name=\"robots\" content=\"index, follow, max-snippet:-1, max-image-preview:large, max-video-preview:-1\" \/>\n<link rel=\"canonical\" href=\"https:\/\/www.fdignasidegispert.cat\/es\/politica-de-privacidad\/\" \/>\n<meta property=\"og:locale\" content=\"es_ES\" \/>\n<meta property=\"og:type\" content=\"article\" \/>\n<meta property=\"og:title\" content=\"Pol\u00edtica de privacidad - Fundaci\u00f3 privada deg\u00e0 Ignasi de Gispert\" \/>\n<meta property=\"og:description\" content=\"POL\u00cdTICA DE PROTECCI\u00d3N DE DATOS \u00bfQui\u00e9n es el Responsable del tratamiento de sus datos? Identidad: Fundaci\u00f3 privada deg\u00e0 Ignasi de Gispert CIF: G62025226 Dir. postal: C\/ Mallorca, 281, 08037 Barcelona...\" \/>\n<meta property=\"og:url\" content=\"https:\/\/www.fdignasidegispert.cat\/es\/politica-de-privacidad\/\" \/>\n<meta property=\"og:site_name\" content=\"Fundaci\u00f3 privada deg\u00e0 Ignasi de Gispert\" \/>\n<meta property=\"article:modified_time\" content=\"2020-02-14T12:15:04+00:00\" \/>\n<meta name=\"twitter:card\" content=\"summary_large_image\" \/>\n<meta name=\"twitter:label1\" content=\"Tiempo de lectura\" \/>\n\t<meta name=\"twitter:data1\" content=\"4 minutos\" \/>\n<script type=\"application\/ld+json\" class=\"yoast-schema-graph\">{\"@context\":\"https:\\\/\\\/schema.org\",\"@graph\":[{\"@type\":\"WebPage\",\"@id\":\"https:\\\/\\\/www.fdignasidegispert.cat\\\/es\\\/politica-de-privacidad\\\/\",\"url\":\"https:\\\/\\\/www.fdignasidegispert.cat\\\/es\\\/politica-de-privacidad\\\/\",\"name\":\"Pol\u00edtica de privacidad - Fundaci\u00f3 privada deg\u00e0 Ignasi de Gispert\",\"isPartOf\":{\"@id\":\"https:\\\/\\\/www.fdignasidegispert.cat\\\/#website\"},\"datePublished\":\"2016-02-24T11:04:32+00:00\",\"dateModified\":\"2020-02-14T12:15:04+00:00\",\"breadcrumb\":{\"@id\":\"https:\\\/\\\/www.fdignasidegispert.cat\\\/es\\\/politica-de-privacidad\\\/#breadcrumb\"},\"inLanguage\":\"es\",\"potentialAction\":[{\"@type\":\"ReadAction\",\"target\":[\"https:\\\/\\\/www.fdignasidegispert.cat\\\/es\\\/politica-de-privacidad\\\/\"]}]},{\"@type\":\"BreadcrumbList\",\"@id\":\"https:\\\/\\\/www.fdignasidegispert.cat\\\/es\\\/politica-de-privacidad\\\/#breadcrumb\",\"itemListElement\":[{\"@type\":\"ListItem\",\"position\":1,\"name\":\"Inici\",\"item\":\"https:\\\/\\\/www.fdignasidegispert.cat\\\/es\\\/\"},{\"@type\":\"ListItem\",\"position\":2,\"name\":\"Pol\u00edtica de privacidad\"}]},{\"@type\":\"WebSite\",\"@id\":\"https:\\\/\\\/www.fdignasidegispert.cat\\\/#website\",\"url\":\"https:\\\/\\\/www.fdignasidegispert.cat\\\/\",\"name\":\"Fundaci\u00f3 privada deg\u00e0 Ignasi de Gispert\",\"description\":\"\",\"publisher\":{\"@id\":\"https:\\\/\\\/www.fdignasidegispert.cat\\\/#organization\"},\"potentialAction\":[{\"@type\":\"SearchAction\",\"target\":{\"@type\":\"EntryPoint\",\"urlTemplate\":\"https:\\\/\\\/www.fdignasidegispert.cat\\\/?s={search_term_string}\"},\"query-input\":{\"@type\":\"PropertyValueSpecification\",\"valueRequired\":true,\"valueName\":\"search_term_string\"}}],\"inLanguage\":\"es\"},{\"@type\":\"Organization\",\"@id\":\"https:\\\/\\\/www.fdignasidegispert.cat\\\/#organization\",\"name\":\"Fundaci\u00f3 privada deg\u00e0 Ignasi de Gispert\",\"url\":\"https:\\\/\\\/www.fdignasidegispert.cat\\\/\",\"logo\":{\"@type\":\"ImageObject\",\"inLanguage\":\"es\",\"@id\":\"https:\\\/\\\/www.fdignasidegispert.cat\\\/#\\\/schema\\\/logo\\\/image\\\/\",\"url\":\"https:\\\/\\\/www.fdignasidegispert.cat\\\/wp-content\\\/uploads\\\/2016\\\/12\\\/LogotipFundacioIgnasiDeGispert-1.jpg\",\"contentUrl\":\"https:\\\/\\\/www.fdignasidegispert.cat\\\/wp-content\\\/uploads\\\/2016\\\/12\\\/LogotipFundacioIgnasiDeGispert-1.jpg\",\"width\":174,\"height\":174,\"caption\":\"Fundaci\u00f3 privada deg\u00e0 Ignasi de Gispert\"},\"image\":{\"@id\":\"https:\\\/\\\/www.fdignasidegispert.cat\\\/#\\\/schema\\\/logo\\\/image\\\/\"}}]}<\/script>\n<!-- \/ Yoast SEO plugin. -->","yoast_head_json":{"title":"Pol\u00edtica de privacidad - Fundaci\u00f3 privada deg\u00e0 Ignasi de Gispert","robots":{"index":"index","follow":"follow","max-snippet":"max-snippet:-1","max-image-preview":"max-image-preview:large","max-video-preview":"max-video-preview:-1"},"canonical":"https:\/\/www.fdignasidegispert.cat\/es\/politica-de-privacidad\/","og_locale":"es_ES","og_type":"article","og_title":"Pol\u00edtica de privacidad - Fundaci\u00f3 privada deg\u00e0 Ignasi de Gispert","og_description":"POL\u00cdTICA DE PROTECCI\u00d3N DE DATOS \u00bfQui\u00e9n es el Responsable del tratamiento de sus datos? Identidad: Fundaci\u00f3 privada deg\u00e0 Ignasi de Gispert CIF: G62025226 Dir. postal: C\/ Mallorca, 281, 08037 Barcelona...","og_url":"https:\/\/www.fdignasidegispert.cat\/es\/politica-de-privacidad\/","og_site_name":"Fundaci\u00f3 privada deg\u00e0 Ignasi de Gispert","article_modified_time":"2020-02-14T12:15:04+00:00","twitter_card":"summary_large_image","twitter_misc":{"Tiempo de lectura":"4 minutos"},"schema":{"@context":"https:\/\/schema.org","@graph":[{"@type":"WebPage","@id":"https:\/\/www.fdignasidegispert.cat\/es\/politica-de-privacidad\/","url":"https:\/\/www.fdignasidegispert.cat\/es\/politica-de-privacidad\/","name":"Pol\u00edtica de privacidad - Fundaci\u00f3 privada deg\u00e0 Ignasi de Gispert","isPartOf":{"@id":"https:\/\/www.fdignasidegispert.cat\/#website"},"datePublished":"2016-02-24T11:04:32+00:00","dateModified":"2020-02-14T12:15:04+00:00","breadcrumb":{"@id":"https:\/\/www.fdignasidegispert.cat\/es\/politica-de-privacidad\/#breadcrumb"},"inLanguage":"es","potentialAction":[{"@type":"ReadAction","target":["https:\/\/www.fdignasidegispert.cat\/es\/politica-de-privacidad\/"]}]},{"@type":"BreadcrumbList","@id":"https:\/\/www.fdignasidegispert.cat\/es\/politica-de-privacidad\/#breadcrumb","itemListElement":[{"@type":"ListItem","position":1,"name":"Inici","item":"https:\/\/www.fdignasidegispert.cat\/es\/"},{"@type":"ListItem","position":2,"name":"Pol\u00edtica de privacidad"}]},{"@type":"WebSite","@id":"https:\/\/www.fdignasidegispert.cat\/#website","url":"https:\/\/www.fdignasidegispert.cat\/","name":"Fundaci\u00f3 privada deg\u00e0 Ignasi de Gispert","description":"","publisher":{"@id":"https:\/\/www.fdignasidegispert.cat\/#organization"},"potentialAction":[{"@type":"SearchAction","target":{"@type":"EntryPoint","urlTemplate":"https:\/\/www.fdignasidegispert.cat\/?s={search_term_string}"},"query-input":{"@type":"PropertyValueSpecification","valueRequired":true,"valueName":"search_term_string"}}],"inLanguage":"es"},{"@type":"Organization","@id":"https:\/\/www.fdignasidegispert.cat\/#organization","name":"Fundaci\u00f3 privada deg\u00e0 Ignasi de Gispert","url":"https:\/\/www.fdignasidegispert.cat\/","logo":{"@type":"ImageObject","inLanguage":"es","@id":"https:\/\/www.fdignasidegispert.cat\/#\/schema\/logo\/image\/","url":"https:\/\/www.fdignasidegispert.cat\/wp-content\/uploads\/2016\/12\/LogotipFundacioIgnasiDeGispert-1.jpg","contentUrl":"https:\/\/www.fdignasidegispert.cat\/wp-content\/uploads\/2016\/12\/LogotipFundacioIgnasiDeGispert-1.jpg","width":174,"height":174,"caption":"Fundaci\u00f3 privada deg\u00e0 Ignasi de Gispert"},"image":{"@id":"https:\/\/www.fdignasidegispert.cat\/#\/schema\/logo\/image\/"}}]}},"_links":{"self":[{"href":"https:\/\/www.fdignasidegispert.cat\/es\/wp-json\/wp\/v2\/pages\/210","targetHints":{"allow":["GET"]}}],"collection":[{"href":"https:\/\/www.fdignasidegispert.cat\/es\/wp-json\/wp\/v2\/pages"}],"about":[{"href":"https:\/\/www.fdignasidegispert.cat\/es\/wp-json\/wp\/v2\/types\/page"}],"author":[{"embeddable":true,"href":"https:\/\/www.fdignasidegispert.cat\/es\/wp-json\/wp\/v2\/users\/6"}],"replies":[{"embeddable":true,"href":"https:\/\/www.fdignasidegispert.cat\/es\/wp-json\/wp\/v2\/comments?post=210"}],"version-history":[{"count":6,"href":"https:\/\/www.fdignasidegispert.cat\/es\/wp-json\/wp\/v2\/pages\/210\/revisions"}],"predecessor-version":[{"id":1583,"href":"https:\/\/www.fdignasidegispert.cat\/es\/wp-json\/wp\/v2\/pages\/210\/revisions\/1583"}],"wp:attachment":[{"href":"https:\/\/www.fdignasidegispert.cat\/es\/wp-json\/wp\/v2\/media?parent=210"}],"curies":[{"name":"wp","href":"https:\/\/api.w.org\/{rel}","templated":true}]}}