{"id":158,"date":"2016-02-24T09:34:41","date_gmt":"2016-02-24T09:34:41","guid":{"rendered":"http:\/\/www.fdignasidegispert.cat\/col%c2%b7labora-com-a-voluntari\/?lang=es"},"modified":"2016-12-20T11:10:08","modified_gmt":"2016-12-20T10:10:08","slug":"patrocinadors","status":"publish","type":"page","link":"https:\/\/www.fdignasidegispert.cat\/es\/patrocinadors\/","title":{"rendered":"Patrocinadores"},"content":{"rendered":"<style type=\"text\/css\"> \n#cmsms_row_69ebc02af27ad9_27552021 .cmsms_row_outer_parent { \n\tpadding-top: 0px; \n} \n\n#cmsms_row_69ebc02af27ad9_27552021 .cmsms_row_outer_parent { \n\tpadding-bottom: 50px; \n} \n\n<\/style><div id=\"cmsms_row_69ebc02af24787_84764981\" class=\"cmsms_row cmsms_color_scheme_default\">\n<div class=\"cmsms_row_outer_parent\">\n<div class=\"cmsms_row_outer\">\n<div class=\"cmsms_row_inner\">\n<div class=\"cmsms_row_margin\">\n<div class=\"cmsms_column one_first\">\n<div class=\"cmsms_text\">\n<p style=\"text-align: justify;\"><img loading=\"lazy\" decoding=\"async\" class=\"wp-image-456 size-full aligncenter\" src=\"https:\/\/www.fdignasidegispert.cat\/wp-content\/uploads\/2016\/02\/colabora.jpg\" alt=\"\" width=\"1160\" height=\"300\" srcset=\"https:\/\/www.fdignasidegispert.cat\/wp-content\/uploads\/2016\/02\/colabora.jpg 1160w, https:\/\/www.fdignasidegispert.cat\/wp-content\/uploads\/2016\/02\/colabora-300x78.jpg 300w, https:\/\/www.fdignasidegispert.cat\/wp-content\/uploads\/2016\/02\/colabora-768x199.jpg 768w, https:\/\/www.fdignasidegispert.cat\/wp-content\/uploads\/2016\/02\/colabora-1024x265.jpg 1024w, https:\/\/www.fdignasidegispert.cat\/wp-content\/uploads\/2016\/02\/colabora-580x150.jpg 580w, https:\/\/www.fdignasidegispert.cat\/wp-content\/uploads\/2016\/02\/colabora-860x222.jpg 860w\" sizes=\"auto, (max-width: 1160px) 100vw, 1160px\" \/><\/p>\n<p>Si le interesa patrocinar o colaborar en cualquiera de las acciones que organiza la Fundaci\u00f3n, puede contactar con nosotros a trav\u00e9s del apartado contacta de esta misma p\u00e1gina web y os informaremos. Nos gustar\u00eda contar con vosotros para llegar cada d\u00eda a m\u00e1s personas necesitadas. Ay\u00fadanos a ayudar.<\/p>\n<\/div>\n<div class=\"cmsms_text\">\n<h2>Patrocinadores<\/h2>\n<\/div>\n<\/div>\n<\/div>\n<\/div>\n<\/div>\n<\/div>\n<\/div>\n<div id=\"cmsms_row_69ebc02af27ad9_27552021\" class=\"cmsms_row cmsms_color_scheme_default\">\n<div class=\"cmsms_row_outer_parent\">\n<div class=\"cmsms_row_outer\">\n<div class=\"cmsms_row_inner\">\n<div class=\"cmsms_row_margin\">\n<div class=\"cmsms_column one_third\">\n<div class=\"cmsms_text\">\n<p><a href=\"http:\/\/www.elcorteingles.es\" target=\"_blank\"><img loading=\"lazy\" decoding=\"async\" class=\"alignnone wp-image-550 size-full\" title=\"El Corte Ingl\u00e9s\" src=\"https:\/\/www.fdignasidegispert.cat\/wp-content\/uploads\/2016\/02\/elcorteingles.png\" alt=\"El Corte Ingl\u00e9s\" width=\"230\" height=\"130\" \/><\/a><\/p>\n<\/div>\n<\/div>\n<div class=\"cmsms_column one_third\">\n<div class=\"cmsms_text\">\n<p><a href=\"http:\/\/www.gaes.es\/\" target=\"_blank\"><img loading=\"lazy\" decoding=\"async\" class=\"alignnone wp-image-551 size-full\" title=\"GAES\" src=\"https:\/\/www.fdignasidegispert.cat\/wp-content\/uploads\/2016\/02\/gaes.png\" alt=\"GAES\" width=\"205\" height=\"130\" \/><\/a><\/p>\n<\/div>\n<\/div>\n<div class=\"cmsms_column one_third\">\n<div class=\"cmsms_text\">\n<p><a href=\"http:\/\/www.belodonte.es\/es\" target=\"_blank\"><img loading=\"lazy\" decoding=\"async\" class=\"wp-image-722 alignleft\" src=\"https:\/\/www.fdignasidegispert.cat\/wp-content\/uploads\/2016\/02\/logo_belodonte_es_1-300x54.png\" alt=\"logo_belodonte_es_1\" width=\"432\" height=\"78\" \/><\/a><\/p>\n<\/div>\n<\/div>\n<\/div>\n<\/div>\n<\/div>\n<\/div>\n<\/div>\n\n","protected":false},"excerpt":{"rendered":"","protected":false},"author":6,"featured_media":0,"parent":0,"menu_order":0,"comment_status":"closed","ping_status":"closed","template":"","meta":{"footnotes":""},"class_list":["post-158","page","type-page","status-publish","hentry"],"yoast_head":"<!-- This site is optimized with the Yoast SEO plugin v27.4 - https:\/\/yoast.com\/product\/yoast-seo-wordpress\/ -->\n<title>Patrocinadores - Fundaci\u00f3 privada deg\u00e0 Ignasi de Gispert<\/title>\n<meta name=\"robots\" content=\"index, follow, max-snippet:-1, max-image-preview:large, max-video-preview:-1\" \/>\n<link rel=\"canonical\" href=\"https:\/\/www.fdignasidegispert.cat\/es\/patrocinadors\/\" \/>\n<meta property=\"og:locale\" content=\"es_ES\" \/>\n<meta property=\"og:type\" content=\"article\" \/>\n<meta property=\"og:title\" content=\"Patrocinadores - Fundaci\u00f3 privada deg\u00e0 Ignasi de Gispert\" \/>\n<meta property=\"og:url\" content=\"https:\/\/www.fdignasidegispert.cat\/es\/patrocinadors\/\" \/>\n<meta property=\"og:site_name\" content=\"Fundaci\u00f3 privada deg\u00e0 Ignasi de Gispert\" \/>\n<meta property=\"article:modified_time\" content=\"2016-12-20T10:10:08+00:00\" \/>\n<meta property=\"og:image\" content=\"https:\/\/www.fdignasidegispert.cat\/wp-content\/uploads\/2016\/02\/colabora.jpg\" \/>\n<meta name=\"twitter:card\" content=\"summary_large_image\" \/>\n<meta name=\"twitter:label1\" content=\"Tiempo de lectura\" \/>\n\t<meta name=\"twitter:data1\" content=\"1 minuto\" \/>\n<script type=\"application\/ld+json\" class=\"yoast-schema-graph\">{\"@context\":\"https:\\\/\\\/schema.org\",\"@graph\":[{\"@type\":\"WebPage\",\"@id\":\"https:\\\/\\\/www.fdignasidegispert.cat\\\/es\\\/patrocinadors\\\/\",\"url\":\"https:\\\/\\\/www.fdignasidegispert.cat\\\/es\\\/patrocinadors\\\/\",\"name\":\"Patrocinadores - Fundaci\u00f3 privada deg\u00e0 Ignasi de Gispert\",\"isPartOf\":{\"@id\":\"https:\\\/\\\/www.fdignasidegispert.cat\\\/#website\"},\"primaryImageOfPage\":{\"@id\":\"https:\\\/\\\/www.fdignasidegispert.cat\\\/es\\\/patrocinadors\\\/#primaryimage\"},\"image\":{\"@id\":\"https:\\\/\\\/www.fdignasidegispert.cat\\\/es\\\/patrocinadors\\\/#primaryimage\"},\"thumbnailUrl\":\"https:\\\/\\\/www.fdignasidegispert.cat\\\/wp-content\\\/uploads\\\/2016\\\/02\\\/colabora.jpg\",\"datePublished\":\"2016-02-24T09:34:41+00:00\",\"dateModified\":\"2016-12-20T10:10:08+00:00\",\"breadcrumb\":{\"@id\":\"https:\\\/\\\/www.fdignasidegispert.cat\\\/es\\\/patrocinadors\\\/#breadcrumb\"},\"inLanguage\":\"es\",\"potentialAction\":[{\"@type\":\"ReadAction\",\"target\":[\"https:\\\/\\\/www.fdignasidegispert.cat\\\/es\\\/patrocinadors\\\/\"]}]},{\"@type\":\"ImageObject\",\"inLanguage\":\"es\",\"@id\":\"https:\\\/\\\/www.fdignasidegispert.cat\\\/es\\\/patrocinadors\\\/#primaryimage\",\"url\":\"https:\\\/\\\/www.fdignasidegispert.cat\\\/wp-content\\\/uploads\\\/2016\\\/02\\\/colabora.jpg\",\"contentUrl\":\"https:\\\/\\\/www.fdignasidegispert.cat\\\/wp-content\\\/uploads\\\/2016\\\/02\\\/colabora.jpg\"},{\"@type\":\"BreadcrumbList\",\"@id\":\"https:\\\/\\\/www.fdignasidegispert.cat\\\/es\\\/patrocinadors\\\/#breadcrumb\",\"itemListElement\":[{\"@type\":\"ListItem\",\"position\":1,\"name\":\"Inici\",\"item\":\"https:\\\/\\\/www.fdignasidegispert.cat\\\/es\\\/\"},{\"@type\":\"ListItem\",\"position\":2,\"name\":\"Patrocinadores\"}]},{\"@type\":\"WebSite\",\"@id\":\"https:\\\/\\\/www.fdignasidegispert.cat\\\/#website\",\"url\":\"https:\\\/\\\/www.fdignasidegispert.cat\\\/\",\"name\":\"Fundaci\u00f3 privada deg\u00e0 Ignasi de Gispert\",\"description\":\"\",\"publisher\":{\"@id\":\"https:\\\/\\\/www.fdignasidegispert.cat\\\/#organization\"},\"potentialAction\":[{\"@type\":\"SearchAction\",\"target\":{\"@type\":\"EntryPoint\",\"urlTemplate\":\"https:\\\/\\\/www.fdignasidegispert.cat\\\/?s={search_term_string}\"},\"query-input\":{\"@type\":\"PropertyValueSpecification\",\"valueRequired\":true,\"valueName\":\"search_term_string\"}}],\"inLanguage\":\"es\"},{\"@type\":\"Organization\",\"@id\":\"https:\\\/\\\/www.fdignasidegispert.cat\\\/#organization\",\"name\":\"Fundaci\u00f3 privada deg\u00e0 Ignasi de Gispert\",\"url\":\"https:\\\/\\\/www.fdignasidegispert.cat\\\/\",\"logo\":{\"@type\":\"ImageObject\",\"inLanguage\":\"es\",\"@id\":\"https:\\\/\\\/www.fdignasidegispert.cat\\\/#\\\/schema\\\/logo\\\/image\\\/\",\"url\":\"https:\\\/\\\/www.fdignasidegispert.cat\\\/wp-content\\\/uploads\\\/2016\\\/12\\\/LogotipFundacioIgnasiDeGispert-1.jpg\",\"contentUrl\":\"https:\\\/\\\/www.fdignasidegispert.cat\\\/wp-content\\\/uploads\\\/2016\\\/12\\\/LogotipFundacioIgnasiDeGispert-1.jpg\",\"width\":174,\"height\":174,\"caption\":\"Fundaci\u00f3 privada deg\u00e0 Ignasi de Gispert\"},\"image\":{\"@id\":\"https:\\\/\\\/www.fdignasidegispert.cat\\\/#\\\/schema\\\/logo\\\/image\\\/\"}}]}<\/script>\n<!-- \/ Yoast SEO plugin. -->","yoast_head_json":{"title":"Patrocinadores - Fundaci\u00f3 privada deg\u00e0 Ignasi de Gispert","robots":{"index":"index","follow":"follow","max-snippet":"max-snippet:-1","max-image-preview":"max-image-preview:large","max-video-preview":"max-video-preview:-1"},"canonical":"https:\/\/www.fdignasidegispert.cat\/es\/patrocinadors\/","og_locale":"es_ES","og_type":"article","og_title":"Patrocinadores - Fundaci\u00f3 privada deg\u00e0 Ignasi de Gispert","og_url":"https:\/\/www.fdignasidegispert.cat\/es\/patrocinadors\/","og_site_name":"Fundaci\u00f3 privada deg\u00e0 Ignasi de Gispert","article_modified_time":"2016-12-20T10:10:08+00:00","og_image":[{"url":"https:\/\/www.fdignasidegispert.cat\/wp-content\/uploads\/2016\/02\/colabora.jpg","type":"","width":"","height":""}],"twitter_card":"summary_large_image","twitter_misc":{"Tiempo de lectura":"1 minuto"},"schema":{"@context":"https:\/\/schema.org","@graph":[{"@type":"WebPage","@id":"https:\/\/www.fdignasidegispert.cat\/es\/patrocinadors\/","url":"https:\/\/www.fdignasidegispert.cat\/es\/patrocinadors\/","name":"Patrocinadores - Fundaci\u00f3 privada deg\u00e0 Ignasi de Gispert","isPartOf":{"@id":"https:\/\/www.fdignasidegispert.cat\/#website"},"primaryImageOfPage":{"@id":"https:\/\/www.fdignasidegispert.cat\/es\/patrocinadors\/#primaryimage"},"image":{"@id":"https:\/\/www.fdignasidegispert.cat\/es\/patrocinadors\/#primaryimage"},"thumbnailUrl":"https:\/\/www.fdignasidegispert.cat\/wp-content\/uploads\/2016\/02\/colabora.jpg","datePublished":"2016-02-24T09:34:41+00:00","dateModified":"2016-12-20T10:10:08+00:00","breadcrumb":{"@id":"https:\/\/www.fdignasidegispert.cat\/es\/patrocinadors\/#breadcrumb"},"inLanguage":"es","potentialAction":[{"@type":"ReadAction","target":["https:\/\/www.fdignasidegispert.cat\/es\/patrocinadors\/"]}]},{"@type":"ImageObject","inLanguage":"es","@id":"https:\/\/www.fdignasidegispert.cat\/es\/patrocinadors\/#primaryimage","url":"https:\/\/www.fdignasidegispert.cat\/wp-content\/uploads\/2016\/02\/colabora.jpg","contentUrl":"https:\/\/www.fdignasidegispert.cat\/wp-content\/uploads\/2016\/02\/colabora.jpg"},{"@type":"BreadcrumbList","@id":"https:\/\/www.fdignasidegispert.cat\/es\/patrocinadors\/#breadcrumb","itemListElement":[{"@type":"ListItem","position":1,"name":"Inici","item":"https:\/\/www.fdignasidegispert.cat\/es\/"},{"@type":"ListItem","position":2,"name":"Patrocinadores"}]},{"@type":"WebSite","@id":"https:\/\/www.fdignasidegispert.cat\/#website","url":"https:\/\/www.fdignasidegispert.cat\/","name":"Fundaci\u00f3 privada deg\u00e0 Ignasi de Gispert","description":"","publisher":{"@id":"https:\/\/www.fdignasidegispert.cat\/#organization"},"potentialAction":[{"@type":"SearchAction","target":{"@type":"EntryPoint","urlTemplate":"https:\/\/www.fdignasidegispert.cat\/?s={search_term_string}"},"query-input":{"@type":"PropertyValueSpecification","valueRequired":true,"valueName":"search_term_string"}}],"inLanguage":"es"},{"@type":"Organization","@id":"https:\/\/www.fdignasidegispert.cat\/#organization","name":"Fundaci\u00f3 privada deg\u00e0 Ignasi de Gispert","url":"https:\/\/www.fdignasidegispert.cat\/","logo":{"@type":"ImageObject","inLanguage":"es","@id":"https:\/\/www.fdignasidegispert.cat\/#\/schema\/logo\/image\/","url":"https:\/\/www.fdignasidegispert.cat\/wp-content\/uploads\/2016\/12\/LogotipFundacioIgnasiDeGispert-1.jpg","contentUrl":"https:\/\/www.fdignasidegispert.cat\/wp-content\/uploads\/2016\/12\/LogotipFundacioIgnasiDeGispert-1.jpg","width":174,"height":174,"caption":"Fundaci\u00f3 privada deg\u00e0 Ignasi de Gispert"},"image":{"@id":"https:\/\/www.fdignasidegispert.cat\/#\/schema\/logo\/image\/"}}]}},"_links":{"self":[{"href":"https:\/\/www.fdignasidegispert.cat\/es\/wp-json\/wp\/v2\/pages\/158","targetHints":{"allow":["GET"]}}],"collection":[{"href":"https:\/\/www.fdignasidegispert.cat\/es\/wp-json\/wp\/v2\/pages"}],"about":[{"href":"https:\/\/www.fdignasidegispert.cat\/es\/wp-json\/wp\/v2\/types\/page"}],"author":[{"embeddable":true,"href":"https:\/\/www.fdignasidegispert.cat\/es\/wp-json\/wp\/v2\/users\/6"}],"replies":[{"embeddable":true,"href":"https:\/\/www.fdignasidegispert.cat\/es\/wp-json\/wp\/v2\/comments?post=158"}],"version-history":[{"count":32,"href":"https:\/\/www.fdignasidegispert.cat\/es\/wp-json\/wp\/v2\/pages\/158\/revisions"}],"predecessor-version":[{"id":998,"href":"https:\/\/www.fdignasidegispert.cat\/es\/wp-json\/wp\/v2\/pages\/158\/revisions\/998"}],"wp:attachment":[{"href":"https:\/\/www.fdignasidegispert.cat\/es\/wp-json\/wp\/v2\/media?parent=158"}],"curies":[{"name":"wp","href":"https:\/\/api.w.org\/{rel}","templated":true}]}}