{"id":152,"date":"2016-02-24T08:53:13","date_gmt":"2016-02-24T08:53:13","guid":{"rendered":"http:\/\/www.fdignasidegispert.cat\/?page_id=152&#038;lang=es"},"modified":"2021-03-29T09:07:02","modified_gmt":"2021-03-29T07:07:02","slug":"donatius","status":"publish","type":"page","link":"https:\/\/www.fdignasidegispert.cat\/es\/donatius\/","title":{"rendered":"Donaciones"},"content":{"rendered":"<style type=\"text\/css\"><\/style>\n<div class=\"wpcf7 no-js\" id=\"wpcf7-f1977-o1\" lang=\"ca\" dir=\"ltr\" data-wpcf7-id=\"1977\">\n<div class=\"screen-reader-response\"><p role=\"status\" aria-live=\"polite\" aria-atomic=\"true\"><\/p> <ul><\/ul><\/div>\n<form action=\"\/es\/wp-json\/wp\/v2\/pages\/152#wpcf7-f1977-o1\" method=\"post\" class=\"wpcf7-form init\" aria-label=\"Formulari de contacte\" novalidate=\"novalidate\" data-status=\"init\">\n<fieldset class=\"hidden-fields-container\"><input type=\"hidden\" name=\"_wpcf7\" value=\"1977\" \/><input type=\"hidden\" name=\"_wpcf7_version\" value=\"6.1.5\" \/><input type=\"hidden\" name=\"_wpcf7_locale\" value=\"ca\" \/><input type=\"hidden\" name=\"_wpcf7_unit_tag\" value=\"wpcf7-f1977-o1\" \/><input type=\"hidden\" name=\"_wpcf7_container_post\" value=\"0\" \/><input type=\"hidden\" name=\"_wpcf7_posted_data_hash\" value=\"\" \/><input type=\"hidden\" name=\"redirect_nonce\" value=\"a1bdf7f35d\" \/><input type=\"hidden\" name=\"wpcf7cfpdf_hidden_name\" value=\"document-pdf\" \/><input type=\"hidden\" name=\"wpcf7cfpdf_hidden_reference\" value=\"257f6bef\" \/><input type=\"hidden\" name=\"wpcf7cfpdf_hidden_date\" value=\"04152026\" \/><input type=\"hidden\" name=\"_wpcf7_recaptcha_response\" value=\"\" \/>\n<\/fieldset>\n<div id=\"pasu\" class=\"lmntdnc\">\n\t<div class=\"side\">\n\t\t<div class=\"radio2\">\n\t\t\t<h5>Tipo Donaci\u00f3n\n\t\t\t<\/h5>\n\t\t\t<ul class=\"tipus\">\n\t\t\t\t<li value=\"0\">\n\t\t\t\t\t<p>Puntual\n\t\t\t\t\t<\/p>\n\t\t\t\t<\/li>\n\t\t\t\t<li value=\"5\">\n\t\t\t\t\t<p>Mensual\n\t\t\t\t\t<\/p>\n\t\t\t\t<\/li>\n\t\t\t<\/ul>\n\t\t<\/div>\n\t\t<div class=\"radio2\">\n\t\t\t<h5 style=\"margin-top:20px\">Importe Donaci\u00f3n\n\t\t\t<\/h5>\n\t\t\t<ul class=\"import\">\n\t\t\t\t<li value=\"3\">\n\t\t\t\t\t<p>3\u20ac\n\t\t\t\t\t<\/p>\n\t\t\t\t<\/li>\n\t\t\t\t<li value=\"5\">\n\t\t\t\t\t<p>5\u20ac\n\t\t\t\t\t<\/p>\n\t\t\t\t<\/li>\n\t\t\t\t<li value=\"10\">\n\t\t\t\t\t<p>10\u20ac\n\t\t\t\t\t<\/p>\n\t\t\t\t<\/li>\n\t\t\t\t<li value=\"20\">\n\t\t\t\t\t<p>20\u20ac\n\t\t\t\t\t<\/p>\n\t\t\t\t<\/li>\n\t\t\t\t<li value=\"30\">\n\t\t\t\t\t<p>30\u20ac\n\t\t\t\t\t<\/p>\n\t\t\t\t<\/li>\n\t\t\t\t<li value=\"50\">\n\t\t\t\t\t<p>50\u20ac\n\t\t\t\t\t<\/p>\n\t\t\t\t<\/li>\n\t\t\t\t<li value=\"100\">\n\t\t\t\t\t<p>100\u20ac\n\t\t\t\t\t<\/p>\n\t\t\t\t<\/li>\n\t\t\t\t<li value=\"aq\">\n\t\t\t\t\t<p>otra cantidad\n\t\t\t\t\t<\/p>\n\t\t\t\t<\/li>\n\t\t\t<\/ul>\n\t\t\t<p><input type=\"text\" class=\"aq\" id=\"aq\" value=\"\" \/>\n\t\t\t<\/p>\n\t\t<\/div>\n\t\t<p><a href=\"#\" id=\"next\">Confirmar<\/a>\n\t\t<\/p>\n\t<\/div>\n\t<div class=\"side\">\n\t\t<h5>Haciendo una donaci\u00f3n\n\t\t<\/h5>\n\t\t<p><b>\u00bfAlguna vez te has preguntado por qu\u00e9 es importante donar dinero para causas sociales?<\/b>\n\t\t<\/p>\n\t\t<p>Todos los proyectos sociales necesitan recursos para ser ejecutados. La solidaridad, el altruismo y la empat\u00eda son valores vigentes y necesarios.\n\t\t<\/p>\n\t\t<p>Una donaci\u00f3n es una aportaci\u00f3n, generalmente particular, que busca dar impulso a iniciativas de cualquier tipo. Quienes la realizan entienden la importancia de las labores que se prestan y por eso deciden donar dinero. Entre las razones m\u00e1s significativas para realizar este tipo de acciones destacan las dos siguientes:\n\t\t<\/p>\n\t\t<p>1) Compromiso social. Miles de personas toman la decisi\u00f3n de donar dinero para reforzar su compromiso social. Reconocen la existencia de un problema o una carencia en su entorno que necesitan ser solventados y se movilizan y act\u00faan para lograrlo.<br \/>\n2) Satisfacci\u00f3n personal. El sentirse bien con uno mismo tambi\u00e9n es otra de las razones habituales para donar dinero. O, mejor dicho, el hecho de saber que de alguna manera estamos ayudando a solucionar problemas del ambiente en el que nos desenvolvemos y a mitigar sus efectos adversos.\n\t\t<\/p>\n\t\t<p>Las donaciones tienen incentivos fiscales de los que te puedes beneficiar.<br \/>\nLas recogemos y gestionamos para los proyectos.<br \/>\nRegistro de fundaciones Generalitat Catalunya 1335<br \/>\nFundaci\u00f3n sin \u00e1nimo de lucro, de inter\u00e9s general acogida a la Ley 49\/2002, de r\u00e9gimen fiscal de las entidades sin finalidades lucrativas y de incentivos al mecenazgo.<br \/>\nLas donaciones son irrevocables, puras y simples.\n\t\t<\/p>\n\t<\/div>\n\t<p style=\"text-align:center;margin-top:30px;overflow: hidden;width: 100%;\"><br \/>\n<span id=\"sep\"><\/span><br \/>\n<b>Beneficios de los incentivos fiscales de la Ley 49\/2002 del R\u00e9gimen Fiscal de las entidades sin \u00e1nimo de lucro y de incentivos al mecenazgo<\/b>\n\t<\/p>\n\t<p><span class=\"separador\">\u20ac<\/span>\n\t<\/p>\n\t<div class=\"cont-info\">\n\t\t<h4>Sistema de donaciones\n\t\t<\/h4>\n\t\t<p><b>Eres una persona f\u00edsica (IRPF)*?<\/b>\n\t\t<\/p>\n\t\t<h5>Haciendo una donaci\u00f3n de 1\u20ac hasta 150\u20ac:\n\t\t<\/h5>\n\t\t<ul>\n\t\t\t<li>\n\t\t\t\t<p>Te podr\u00e1s deducir un 80% en la declaraci\u00f3n de la renta.\n\t\t\t\t<\/p>\n\t\t\t<\/li>\n\t\t<\/ul>\n\t\t<h5>Haciendo una donaci\u00f3n superior a 150\u20ac:\n\t\t<\/h5>\n\t\t<ul>\n\t\t\t<li>\n\t\t\t\t<p>De los primeros 150\u20ac te podr\u00e1s deducir un 80% en la declaraci\u00f3n de la renta\n\t\t\t\t<\/p>\n\t\t\t<\/li>\n\t\t\t<li>\n\t\t\t\t<p>Del importe restante te podr\u00e1s deducir un 35% en la declaraci\u00f3n de la renta.\n\t\t\t\t<\/p>\n\t\t\t<\/li>\n\t\t\t<li>\n\t\t\t\t<p>Y, un 5% m\u00e1s a partir del 3r a\u00f1o si la donaci\u00f3n es a la misma entidad por un importe igual o superior.\n\t\t\t\t<\/p>\n\t\t\t<\/li>\n\t\t<\/ul>\n\t\t<p>* Hasta un 10% de la base imponible.\n\t\t<\/p>\n\t\t<h5>\u00bfEres una persona jur\u00eddica (IS)?\n\t\t<\/h5>\n\t\t<p><b>Haciendo una donaci\u00f3n de cualquier importe<\/b>\n\t\t<\/p>\n\t\t<ul>\n\t\t\t<li>\n\t\t\t\t<p>Te podr\u00e1s deducir un 35% en el impuesto de sociedades.\n\t\t\t\t<\/p>\n\t\t\t<\/li>\n\t\t\t<li>\n\t\t\t\t<p>Y, un 5% m\u00e1s a partir del 3r a\u00f1o si la donaci\u00f3n es a la misma entidad por un importe igual o superior.\n\t\t\t\t<\/p>\n\t\t\t<\/li>\n\t\t<\/ul>\n\t\t<p><a href=\"https:\/\/www.fdignasidegispert.cat\/politica-de-privadesa\/\" target=\"_blank\">Politica de privacitat<\/a><a href=\"https:\/\/www.fdignasidegispert.cat\/avisos-legals\/\" target=\"_blank\">Av\u00eds legal<\/a>\n\t\t<\/p>\n\t<\/div>\n<\/div>\n<div id=\"pasdos\" class=\"lmntdnc\">\n\t<div class=\"side2\">\n\t\t<p><span class=\"wpcf7-form-control-wrap\" data-name=\"persona\"><span class=\"wpcf7-form-control wpcf7-checkbox\"><span class=\"wpcf7-list-item first last\"><label><input type=\"checkbox\" name=\"persona[]\" value=\"Persona f\u00edsica\" \/><span class=\"wpcf7-list-item-label\">Persona f\u00edsica<\/span><\/label><\/span><\/span><\/span>\n\t\t<\/p>\n\t\t<div class=\"row\">\n\t\t\t<p><label><input type=\"radio\" name=\"definicio\" id=\"sr\" value=\"1\" \/> Sr<\/label><label style=\"margin-left: 10px;\"><input type=\"radio\" name=\"definicio\" id=\"sra\" value=\"2\" \/> Sra<\/label>\n\t\t\t<\/p>\n\t\t<\/div>\n\t\t<div class=\"row\">\n\t\t\t<p><label>Nombre Apellidos<span id=\"rao\">\/ Raz\u00f3n social<\/span><br \/>\n<span class=\"wpcf7-form-control-wrap\" data-name=\"your-name\"><input size=\"40\" maxlength=\"400\" class=\"wpcf7-form-control wpcf7-text\" aria-invalid=\"false\" value=\"\" type=\"text\" name=\"your-name\" \/><\/span> <\/label>\n\t\t\t<\/p>\n\t\t<\/div>\n\t\t<div class=\"row2\">\n\t\t\t<p><label> Correo electr\u00f3nico<br \/>\n<span class=\"wpcf7-form-control-wrap\" data-name=\"your-email\"><input size=\"40\" maxlength=\"400\" class=\"wpcf7-form-control wpcf7-email wpcf7-text wpcf7-validates-as-email\" aria-invalid=\"false\" value=\"\" type=\"email\" name=\"your-email\" \/><\/span> <\/label>\n\t\t\t<\/p>\n\t\t<\/div>\n\t<input class=\"wpcf7-form-control wpcf7-hidden\" id=\"tipo\" value=\"\" type=\"hidden\" name=\"tipo\" \/>\n\t<input class=\"wpcf7-form-control wpcf7-hidden\" id=\"importe\" value=\"\" type=\"hidden\" name=\"import\" \/>\n\t\t<div class=\"row2\">\n\t\t\t<p><label>Tel\u00e9fono<br \/>\n<span class=\"wpcf7-form-control-wrap\" data-name=\"telefon\"><input size=\"40\" maxlength=\"400\" class=\"wpcf7-form-control wpcf7-tel wpcf7-text wpcf7-validates-as-tel\" aria-invalid=\"false\" value=\"\" type=\"tel\" name=\"telefon\" \/><\/span><\/label>\n\t\t\t<\/p>\n\t\t<\/div>\n\t\t<div class=\"row\">\n\t\t\t<p><label>CIF<br \/>\n<span class=\"wpcf7-form-control-wrap\" data-name=\"cif\"><input size=\"40\" maxlength=\"400\" class=\"wpcf7-form-control wpcf7-text\" aria-invalid=\"false\" value=\"\" type=\"text\" name=\"cif\" \/><\/span><\/label>\n\t\t\t<\/p>\n\t\t<\/div>\n\t\t<div class=\"row\">\n\t\t\t<p><label>Calle y n\u00famero<br \/>\n<span class=\"wpcf7-form-control-wrap\" data-name=\"carrer\"><input size=\"40\" maxlength=\"400\" class=\"wpcf7-form-control wpcf7-text\" aria-invalid=\"false\" value=\"\" type=\"text\" name=\"carrer\" \/><\/span><\/label>\n\t\t\t<\/p>\n\t\t<\/div>\n\t\t<div class=\"row2\">\n\t\t\t<p><label>Municipio<br \/>\n<span class=\"wpcf7-form-control-wrap\" data-name=\"municipi\"><input size=\"40\" maxlength=\"400\" class=\"wpcf7-form-control wpcf7-text\" aria-invalid=\"false\" value=\"\" type=\"text\" name=\"municipi\" \/><\/span><\/label>\n\t\t\t<\/p>\n\t\t<\/div>\n\t\t<div class=\"row2\">\n\t\t\t<p><label>Codigo postal<br \/>\n<span class=\"wpcf7-form-control-wrap\" data-name=\"cp\"><input size=\"40\" maxlength=\"400\" class=\"wpcf7-form-control wpcf7-text\" aria-invalid=\"false\" value=\"\" type=\"text\" name=\"cp\" \/><\/span><\/label>\n\t\t\t<\/p>\n\t\t<\/div>\n\t\t<div class=\"row2\">\n\t\t\t<p><label>Pa\u00eds<br \/>\n<span class=\"wpcf7-form-control-wrap\" data-name=\"pais\"><input size=\"40\" maxlength=\"400\" class=\"wpcf7-form-control wpcf7-text\" aria-invalid=\"false\" value=\"\" type=\"text\" name=\"pais\" \/><\/span><\/label>\n\t\t\t<\/p>\n\t\t<\/div>\n\t\t<div class=\"row2\">\n\t\t\t<p><label>Provincia<br \/>\n<span class=\"wpcf7-form-control-wrap\" data-name=\"provincia\"><input size=\"40\" maxlength=\"400\" class=\"wpcf7-form-control wpcf7-text\" aria-invalid=\"false\" value=\"\" type=\"text\" name=\"provincia\" \/><\/span><\/label>\n\t\t\t<\/p>\n\t\t<\/div>\n\t<input class=\"wpcf7-form-control wpcf7-hidden\" id=\"sexe\" value=\"\" type=\"hidden\" name=\"def\" \/>\n\t\t<div class=\"row\">\n\t\t\n\t\t<\/div>\n\t\t<div class=\"row\">\n\t\t\t<p><input class=\"wpcf7-form-control wpcf7-submit has-spinner\" type=\"submit\" value=\"Enviar\" \/><a href=\"#\" id=\"prev\">Cancela<\/a>\n\t\t\t<\/p>\n\t\t<\/div>\n\t<\/div>\n\t<div class=\"side2\">\n\t\t<div class=\"resum\">\n\t\t\t<h5>Tipo\n\t\t\t<\/h5>\n\t\t\t<p><span id=\"tipodona\"><\/span>\n\t\t\t<\/p>\n\t\t<\/div>\n\t\t<div class=\"resum\">\n\t\t\t<h5>Importe\n\t\t\t<\/h5>\n\t\t\t<p><span id=\"tipocant\"><\/span>\n\t\t\t<\/p>\n\t\t<\/div>\n\t<\/div>\n<\/div>\n<p><script>\n jQuery( document ).ready(function() {\n \/*jQuery( \".import\" ).on( \"click\", function() {\n\t\t\tconsole.log( jQuery(this).value );\n\t\t});*\/\n\t\tjQuery(\".tipus li\").click(function() {\n\t\t\tjQuery(\".tipus li\").removeClass('over');\n\t\t\t\tjQuery(this).addClass('over');\n\t\t\t\tjQuery('#tipo').val(this.value);\n\t\t\t\n\t\t});\n\t\tjQuery(\".import li\").click(function() {\n\t\t\tjQuery(\".import li\").removeClass('over');\n\t\t\t\tjQuery(this).addClass('over');\n\t\t\tif(this.value>0){\n\t\t\t\tjQuery('#importe').val(this.value);\n\t\t\t\tjQuery('#tipocant').html(this.value+' \u20ac');\n\t\t\t\tconsole.log('diferent');\n\t\t\t}else{\n\t\t\t\tjQuery('#aq').show();\n\t\t\t}\n\t\t});\n\n\t\tjQuery(\"#next\").click(function(e) {\n\t\t\te.preventDefault();\n\t\t\tif(jQuery('#importe').value<0){\n\t\t\t\tjQuery('#importe').val(jQuery('#aq').value);\n\t\t\t\tjQuery('#tipocant').html(jQuery('#aq').value+' \u20ac');\n\n\t\t\t}\n\t\t\tif(jQuery('#tipo')==0){\n\t\t\t\tjQuery('#tipodona').html('Puntual');\n\t\t\t}else{\n\t\t\t\tjQuery('#tipodona').html('Mensual');\n\t\t\t}\n\t\t\t\n\t\t\t\t\n\t\t\t\t\n\t\t\tjQuery('#pasu').hide();\n\t\t\tjQuery('#pasdos').show();\n\t\t\t\n\t\t});\n\n\t\tjQuery(\"#prev\").click(function(e) {\n\t\t\te.preventDefault();\n\t\t\t\n\t\t\t\t\n\t\t\tjQuery('#pasu').show();\n\t\t\tjQuery('#pasdos').hide();\n\t\t\t\n\t\t});\n });\n \n \n <\/script>\n<\/p><div class=\"wpcf7-response-output\" aria-hidden=\"true\"><\/div>\n<\/form>\n<\/div>\n\n","protected":false},"excerpt":{"rendered":"","protected":false},"author":6,"featured_media":0,"parent":0,"menu_order":0,"comment_status":"closed","ping_status":"closed","template":"","meta":{"footnotes":""},"class_list":["post-152","page","type-page","status-publish","hentry"],"yoast_head":"<!-- This site is optimized with the Yoast SEO plugin v27.0 - https:\/\/yoast.com\/product\/yoast-seo-wordpress\/ -->\n<title>Donaciones - Fundaci\u00f3 privada deg\u00e0 Ignasi de Gispert<\/title>\n<meta name=\"robots\" content=\"index, follow, max-snippet:-1, max-image-preview:large, max-video-preview:-1\" \/>\n<link rel=\"canonical\" href=\"https:\/\/www.fdignasidegispert.cat\/es\/donatius\/\" \/>\n<meta property=\"og:locale\" content=\"es_ES\" \/>\n<meta property=\"og:type\" content=\"article\" \/>\n<meta property=\"og:title\" content=\"Donaciones - Fundaci\u00f3 privada deg\u00e0 Ignasi de Gispert\" \/>\n<meta property=\"og:url\" content=\"https:\/\/www.fdignasidegispert.cat\/es\/donatius\/\" \/>\n<meta property=\"og:site_name\" content=\"Fundaci\u00f3 privada deg\u00e0 Ignasi de Gispert\" \/>\n<meta property=\"article:modified_time\" content=\"2021-03-29T07:07:02+00:00\" \/>\n<meta name=\"twitter:card\" content=\"summary_large_image\" \/>\n<meta name=\"twitter:label1\" content=\"Tiempo de lectura\" \/>\n\t<meta name=\"twitter:data1\" content=\"1 minuto\" \/>\n<script type=\"application\/ld+json\" class=\"yoast-schema-graph\">{\"@context\":\"https:\/\/schema.org\",\"@graph\":[{\"@type\":\"WebPage\",\"@id\":\"https:\/\/www.fdignasidegispert.cat\/es\/donatius\/\",\"url\":\"https:\/\/www.fdignasidegispert.cat\/es\/donatius\/\",\"name\":\"Donaciones - Fundaci\u00f3 privada deg\u00e0 Ignasi de Gispert\",\"isPartOf\":{\"@id\":\"https:\/\/www.fdignasidegispert.cat\/#website\"},\"datePublished\":\"2016-02-24T08:53:13+00:00\",\"dateModified\":\"2021-03-29T07:07:02+00:00\",\"breadcrumb\":{\"@id\":\"https:\/\/www.fdignasidegispert.cat\/es\/donatius\/#breadcrumb\"},\"inLanguage\":\"es\",\"potentialAction\":[{\"@type\":\"ReadAction\",\"target\":[\"https:\/\/www.fdignasidegispert.cat\/es\/donatius\/\"]}]},{\"@type\":\"BreadcrumbList\",\"@id\":\"https:\/\/www.fdignasidegispert.cat\/es\/donatius\/#breadcrumb\",\"itemListElement\":[{\"@type\":\"ListItem\",\"position\":1,\"name\":\"Inici\",\"item\":\"https:\/\/www.fdignasidegispert.cat\/es\/\"},{\"@type\":\"ListItem\",\"position\":2,\"name\":\"Donaciones\"}]},{\"@type\":\"WebSite\",\"@id\":\"https:\/\/www.fdignasidegispert.cat\/#website\",\"url\":\"https:\/\/www.fdignasidegispert.cat\/\",\"name\":\"Fundaci\u00f3 privada deg\u00e0 Ignasi de Gispert\",\"description\":\"\",\"publisher\":{\"@id\":\"https:\/\/www.fdignasidegispert.cat\/#organization\"},\"potentialAction\":[{\"@type\":\"SearchAction\",\"target\":{\"@type\":\"EntryPoint\",\"urlTemplate\":\"https:\/\/www.fdignasidegispert.cat\/?s={search_term_string}\"},\"query-input\":{\"@type\":\"PropertyValueSpecification\",\"valueRequired\":true,\"valueName\":\"search_term_string\"}}],\"inLanguage\":\"es\"},{\"@type\":\"Organization\",\"@id\":\"https:\/\/www.fdignasidegispert.cat\/#organization\",\"name\":\"Fundaci\u00f3 privada deg\u00e0 Ignasi de Gispert\",\"url\":\"https:\/\/www.fdignasidegispert.cat\/\",\"logo\":{\"@type\":\"ImageObject\",\"inLanguage\":\"es\",\"@id\":\"https:\/\/www.fdignasidegispert.cat\/#\/schema\/logo\/image\/\",\"url\":\"https:\/\/www.fdignasidegispert.cat\/wp-content\/uploads\/2016\/12\/LogotipFundacioIgnasiDeGispert-1.jpg\",\"contentUrl\":\"https:\/\/www.fdignasidegispert.cat\/wp-content\/uploads\/2016\/12\/LogotipFundacioIgnasiDeGispert-1.jpg\",\"width\":174,\"height\":174,\"caption\":\"Fundaci\u00f3 privada deg\u00e0 Ignasi de Gispert\"},\"image\":{\"@id\":\"https:\/\/www.fdignasidegispert.cat\/#\/schema\/logo\/image\/\"}}]}<\/script>\n<!-- \/ Yoast SEO plugin. -->","yoast_head_json":{"title":"Donaciones - Fundaci\u00f3 privada deg\u00e0 Ignasi de Gispert","robots":{"index":"index","follow":"follow","max-snippet":"max-snippet:-1","max-image-preview":"max-image-preview:large","max-video-preview":"max-video-preview:-1"},"canonical":"https:\/\/www.fdignasidegispert.cat\/es\/donatius\/","og_locale":"es_ES","og_type":"article","og_title":"Donaciones - Fundaci\u00f3 privada deg\u00e0 Ignasi de Gispert","og_url":"https:\/\/www.fdignasidegispert.cat\/es\/donatius\/","og_site_name":"Fundaci\u00f3 privada deg\u00e0 Ignasi de Gispert","article_modified_time":"2021-03-29T07:07:02+00:00","twitter_card":"summary_large_image","twitter_misc":{"Tiempo de lectura":"1 minuto"},"schema":{"@context":"https:\/\/schema.org","@graph":[{"@type":"WebPage","@id":"https:\/\/www.fdignasidegispert.cat\/es\/donatius\/","url":"https:\/\/www.fdignasidegispert.cat\/es\/donatius\/","name":"Donaciones - Fundaci\u00f3 privada deg\u00e0 Ignasi de Gispert","isPartOf":{"@id":"https:\/\/www.fdignasidegispert.cat\/#website"},"datePublished":"2016-02-24T08:53:13+00:00","dateModified":"2021-03-29T07:07:02+00:00","breadcrumb":{"@id":"https:\/\/www.fdignasidegispert.cat\/es\/donatius\/#breadcrumb"},"inLanguage":"es","potentialAction":[{"@type":"ReadAction","target":["https:\/\/www.fdignasidegispert.cat\/es\/donatius\/"]}]},{"@type":"BreadcrumbList","@id":"https:\/\/www.fdignasidegispert.cat\/es\/donatius\/#breadcrumb","itemListElement":[{"@type":"ListItem","position":1,"name":"Inici","item":"https:\/\/www.fdignasidegispert.cat\/es\/"},{"@type":"ListItem","position":2,"name":"Donaciones"}]},{"@type":"WebSite","@id":"https:\/\/www.fdignasidegispert.cat\/#website","url":"https:\/\/www.fdignasidegispert.cat\/","name":"Fundaci\u00f3 privada deg\u00e0 Ignasi de Gispert","description":"","publisher":{"@id":"https:\/\/www.fdignasidegispert.cat\/#organization"},"potentialAction":[{"@type":"SearchAction","target":{"@type":"EntryPoint","urlTemplate":"https:\/\/www.fdignasidegispert.cat\/?s={search_term_string}"},"query-input":{"@type":"PropertyValueSpecification","valueRequired":true,"valueName":"search_term_string"}}],"inLanguage":"es"},{"@type":"Organization","@id":"https:\/\/www.fdignasidegispert.cat\/#organization","name":"Fundaci\u00f3 privada deg\u00e0 Ignasi de Gispert","url":"https:\/\/www.fdignasidegispert.cat\/","logo":{"@type":"ImageObject","inLanguage":"es","@id":"https:\/\/www.fdignasidegispert.cat\/#\/schema\/logo\/image\/","url":"https:\/\/www.fdignasidegispert.cat\/wp-content\/uploads\/2016\/12\/LogotipFundacioIgnasiDeGispert-1.jpg","contentUrl":"https:\/\/www.fdignasidegispert.cat\/wp-content\/uploads\/2016\/12\/LogotipFundacioIgnasiDeGispert-1.jpg","width":174,"height":174,"caption":"Fundaci\u00f3 privada deg\u00e0 Ignasi de Gispert"},"image":{"@id":"https:\/\/www.fdignasidegispert.cat\/#\/schema\/logo\/image\/"}}]}},"_links":{"self":[{"href":"https:\/\/www.fdignasidegispert.cat\/es\/wp-json\/wp\/v2\/pages\/152","targetHints":{"allow":["GET"]}}],"collection":[{"href":"https:\/\/www.fdignasidegispert.cat\/es\/wp-json\/wp\/v2\/pages"}],"about":[{"href":"https:\/\/www.fdignasidegispert.cat\/es\/wp-json\/wp\/v2\/types\/page"}],"author":[{"embeddable":true,"href":"https:\/\/www.fdignasidegispert.cat\/es\/wp-json\/wp\/v2\/users\/6"}],"replies":[{"embeddable":true,"href":"https:\/\/www.fdignasidegispert.cat\/es\/wp-json\/wp\/v2\/comments?post=152"}],"version-history":[{"count":56,"href":"https:\/\/www.fdignasidegispert.cat\/es\/wp-json\/wp\/v2\/pages\/152\/revisions"}],"predecessor-version":[{"id":1987,"href":"https:\/\/www.fdignasidegispert.cat\/es\/wp-json\/wp\/v2\/pages\/152\/revisions\/1987"}],"wp:attachment":[{"href":"https:\/\/www.fdignasidegispert.cat\/es\/wp-json\/wp\/v2\/media?parent=152"}],"curies":[{"name":"wp","href":"https:\/\/api.w.org\/{rel}","templated":true}]}}