{"id":100,"date":"2016-02-18T11:47:21","date_gmt":"2016-02-18T11:47:21","guid":{"rendered":"http:\/\/www.fdignasidegispert.cat\/?page_id=100&#038;lang=es"},"modified":"2021-03-22T12:12:47","modified_gmt":"2021-03-22T11:12:47","slug":"peticiones-ayudas","status":"publish","type":"page","link":"https:\/\/www.fdignasidegispert.cat\/es\/peticiones-ayudas\/","title":{"rendered":"Peticiones ayudas"},"content":{"rendered":"<style type=\"text\/css\"> \n#cmsms_icon_list_items_69ebad58c78a90_22123546.cmsms_icon_list_items .cmsms_icon_list_item:before { \n\tleft:50px; \n\ttop:100px; \n} \n#cmsms_icon_list_items_69ebad58c78a90_22123546.cmsms_icon_list_type_block .cmsms_icon_list_item:before { \n\twidth:0px; \n} \n\n#cmsms_icon_list_items_69ebad58c78a90_22123546 .cmsms_icon_list_icon { \n\twidth:100px; \n\theight:100px; \n\t-webkit-border-radius:50%; \n\tborder-radius:50%; \n} \n\n#cmsms_icon_list_items_69ebad58c78a90_22123546 .cmsms_icon_list_icon:before { \n\tfont-size:24px; \n\tline-height:100px; \n} \n\n#cmsms_icon_list_items_69ebad58c78a90_22123546 .cmsms_icon_list_icon:after { \n\tborder-width:2px; \n\twidth:102px; \n\theight:102px; \n\t-webkit-border-radius:50%; \n\tborder-radius:50%; \n} \n\n.cmsms_icon_list_items.cmsms_color_type_border #cmsms_icon_list_item_69ebad58c79e75_55472536:hover .cmsms_icon_list_icon:after { \n\tborder-color:transparent; \n\tborder-width:0; \n} \n \n#cmsms_row_69ebad58c7c363_14140610 .cmsms_row_outer_parent { \n\tpadding-top: 0px; \n} \n\n#cmsms_row_69ebad58c7c363_14140610 .cmsms_row_outer_parent { \n\tpadding-bottom: 50px; \n} \n\n<\/style><div id=\"cmsms_row_69ebad58c72ff2_14463255\" class=\"cmsms_row cmsms_color_scheme_default\">\n<div class=\"cmsms_row_outer_parent\">\n<div class=\"cmsms_row_outer\">\n<div class=\"cmsms_row_inner\">\n<div class=\"cmsms_row_margin\">\n<div class=\"cmsms_column one_first\">\n<div class=\"cmsms_text\">\n<p><img loading=\"lazy\" decoding=\"async\" class=\"size-full wp-image-441\" src=\"https:\/\/www.fdignasidegispert.cat\/wp-content\/uploads\/2016\/02\/peticions_ajuts.jpg\" alt=\"Giving a helping hand to another\" width=\"1160\" height=\"300\" srcset=\"https:\/\/www.fdignasidegispert.cat\/wp-content\/uploads\/2016\/02\/peticions_ajuts.jpg 1160w, https:\/\/www.fdignasidegispert.cat\/wp-content\/uploads\/2016\/02\/peticions_ajuts-300x78.jpg 300w, https:\/\/www.fdignasidegispert.cat\/wp-content\/uploads\/2016\/02\/peticions_ajuts-768x199.jpg 768w, https:\/\/www.fdignasidegispert.cat\/wp-content\/uploads\/2016\/02\/peticions_ajuts-1024x265.jpg 1024w, https:\/\/www.fdignasidegispert.cat\/wp-content\/uploads\/2016\/02\/peticions_ajuts-580x150.jpg 580w, https:\/\/www.fdignasidegispert.cat\/wp-content\/uploads\/2016\/02\/peticions_ajuts-860x222.jpg 860w\" sizes=\"auto, (max-width: 1160px) 100vw, 1160px\" \/><\/p>\n<p>Las<strong> solicitudes deber\u00e1n hacerse por escrito<\/strong>, con relaci\u00f3n detallada de las circunstancias personales, junto con la correspondiente documentaci\u00f3n acreditativa y el tipo de actividad que se solicita.<\/p>\n<p>Estas solicitudes <strong>se presentar\u00e1n en la secretar\u00eda de la Fundaci\u00f3n<\/strong> (de lunes a viernes de 10 a 14 horas), que tambi\u00e9n dispone de impresos y detalle de la documentaci\u00f3n que debe adjuntarse, dependiendo de la situaci\u00f3n personal del posible beneficiario.<\/p>\n<p>Cabe decir que todas las peticiones a la Fundaci\u00f3n son de car\u00e1cter privado. Garantizamos la privacidad de sus beneficiarios.<\/p>\n<\/div>\n<div class=\"cmsms_text\">\n<\/div>\n \n<ul id=\"cmsms_icon_list_items_69ebad58c78a90_22123546\" class=\"cmsms_icon_list_items cmsms_icon_list_type_block cmsms_icon_list_pos_left cmsms_color_type_border\" data-animation=\"fadeIn\" data-delay=\"0\"><li id=\"cmsms_icon_list_item_69ebad58c79e75_55472536\" class=\"cmsms_icon_list_item\">\n<div class=\"cmsms_icon_list_item_inner\">\n<div class=\"cmsms_icon_list_icon_wrap\">\n<span class=\"cmsms_icon_list_icon cmsms-icon-file-pdf\"><\/span>\n<\/div>\n<div class=\"cmsms_icon_list_item_content\">\n<h3 class=\"cmsms_icon_list_item_title\"> Documentos peticiones ayudas<\/h3>\n<div class=\"cmsms_icon_list_item_text\">\n<ul>\n<li><strong><a href=\"https:\/\/www.fdignasidegispert.cat\/wp-content\/uploads\/2021\/03\/Solicitud-ayuda.For-castella.pdf\" target=\"_blank\" rel=\"noopener noreferrer\">Documento solicitud de ayuda<\/a><\/strong><\/li>\n<li><strong><a href=\"https:\/\/www.fdignasidegispert.cat\/wp-content\/uploads\/2016\/03\/documentos-a-presentar-castellano.pdf\" target=\"_blank\" rel=\"noopener noreferrer\">Documentaci\u00f3n a aportar<\/a><\/strong><\/li>\n<li><strong><a href=\"https:\/\/www.fdignasidegispert.cat\/wp-content\/uploads\/2016\/03\/MODIFICACIONES-DOMICILIO.pdf\" target=\"_blank\" rel=\"noopener noreferrer\">Modificaciones domicilio<\/a><\/strong><\/li>\n<li><strong><a href=\"https:\/\/www.fdignasidegispert.cat\/wp-content\/uploads\/2016\/03\/MODIFICACIONES-BANCOS.pdf\" target=\"_blank\" rel=\"noopener noreferrer\">Documento modificaciones banco<\/a><\/strong><\/li>\n<\/ul>\n<\/div>\n<\/div>\n<\/div>\n<\/li><\/ul><div class=\"cmsms_text\">\n<\/div>\n<\/div>\n<\/div>\n<\/div>\n<\/div>\n<\/div>\n<\/div>\n<div id=\"cmsms_row_69ebad58c7c363_14140610\" class=\"cmsms_row cmsms_color_scheme_default\">\n<div class=\"cmsms_row_outer_parent\">\n<div class=\"cmsms_row_outer\">\n<div class=\"cmsms_row_inner\">\n<div class=\"cmsms_row_margin\">\n<div class=\"cmsms_column one_first\">\n<div class=\"cmsms_text\">\n<\/div>\n<\/div>\n<\/div>\n<\/div>\n<\/div>\n<\/div>\n<\/div>\n\n","protected":false},"excerpt":{"rendered":"","protected":false},"author":6,"featured_media":0,"parent":0,"menu_order":0,"comment_status":"closed","ping_status":"closed","template":"","meta":{"footnotes":""},"class_list":["post-100","page","type-page","status-publish","hentry"],"yoast_head":"<!-- This site is optimized with the Yoast SEO plugin v27.4 - https:\/\/yoast.com\/product\/yoast-seo-wordpress\/ -->\n<title>Peticiones ayudas - Fundaci\u00f3 privada deg\u00e0 Ignasi de Gispert<\/title>\n<meta name=\"robots\" content=\"index, follow, max-snippet:-1, max-image-preview:large, max-video-preview:-1\" \/>\n<link rel=\"canonical\" href=\"https:\/\/www.fdignasidegispert.cat\/es\/peticiones-ayudas\/\" \/>\n<meta property=\"og:locale\" content=\"es_ES\" \/>\n<meta property=\"og:type\" content=\"article\" \/>\n<meta property=\"og:title\" content=\"Peticiones ayudas - Fundaci\u00f3 privada deg\u00e0 Ignasi de Gispert\" \/>\n<meta property=\"og:url\" content=\"https:\/\/www.fdignasidegispert.cat\/es\/peticiones-ayudas\/\" \/>\n<meta property=\"og:site_name\" content=\"Fundaci\u00f3 privada deg\u00e0 Ignasi de Gispert\" \/>\n<meta property=\"article:modified_time\" content=\"2021-03-22T11:12:47+00:00\" \/>\n<meta property=\"og:image\" content=\"https:\/\/www.fdignasidegispert.cat\/wp-content\/uploads\/2016\/02\/peticions_ajuts.jpg\" \/>\n<meta name=\"twitter:card\" content=\"summary_large_image\" \/>\n<meta name=\"twitter:label1\" content=\"Tiempo de lectura\" \/>\n\t<meta name=\"twitter:data1\" content=\"1 minuto\" \/>\n<script type=\"application\/ld+json\" class=\"yoast-schema-graph\">{\"@context\":\"https:\\\/\\\/schema.org\",\"@graph\":[{\"@type\":\"WebPage\",\"@id\":\"https:\\\/\\\/www.fdignasidegispert.cat\\\/es\\\/peticiones-ayudas\\\/\",\"url\":\"https:\\\/\\\/www.fdignasidegispert.cat\\\/es\\\/peticiones-ayudas\\\/\",\"name\":\"Peticiones ayudas - Fundaci\u00f3 privada deg\u00e0 Ignasi de Gispert\",\"isPartOf\":{\"@id\":\"https:\\\/\\\/www.fdignasidegispert.cat\\\/#website\"},\"primaryImageOfPage\":{\"@id\":\"https:\\\/\\\/www.fdignasidegispert.cat\\\/es\\\/peticiones-ayudas\\\/#primaryimage\"},\"image\":{\"@id\":\"https:\\\/\\\/www.fdignasidegispert.cat\\\/es\\\/peticiones-ayudas\\\/#primaryimage\"},\"thumbnailUrl\":\"https:\\\/\\\/www.fdignasidegispert.cat\\\/wp-content\\\/uploads\\\/2016\\\/02\\\/peticions_ajuts.jpg\",\"datePublished\":\"2016-02-18T11:47:21+00:00\",\"dateModified\":\"2021-03-22T11:12:47+00:00\",\"breadcrumb\":{\"@id\":\"https:\\\/\\\/www.fdignasidegispert.cat\\\/es\\\/peticiones-ayudas\\\/#breadcrumb\"},\"inLanguage\":\"es\",\"potentialAction\":[{\"@type\":\"ReadAction\",\"target\":[\"https:\\\/\\\/www.fdignasidegispert.cat\\\/es\\\/peticiones-ayudas\\\/\"]}]},{\"@type\":\"ImageObject\",\"inLanguage\":\"es\",\"@id\":\"https:\\\/\\\/www.fdignasidegispert.cat\\\/es\\\/peticiones-ayudas\\\/#primaryimage\",\"url\":\"https:\\\/\\\/www.fdignasidegispert.cat\\\/wp-content\\\/uploads\\\/2016\\\/02\\\/peticions_ajuts.jpg\",\"contentUrl\":\"https:\\\/\\\/www.fdignasidegispert.cat\\\/wp-content\\\/uploads\\\/2016\\\/02\\\/peticions_ajuts.jpg\"},{\"@type\":\"BreadcrumbList\",\"@id\":\"https:\\\/\\\/www.fdignasidegispert.cat\\\/es\\\/peticiones-ayudas\\\/#breadcrumb\",\"itemListElement\":[{\"@type\":\"ListItem\",\"position\":1,\"name\":\"Inici\",\"item\":\"https:\\\/\\\/www.fdignasidegispert.cat\\\/es\\\/\"},{\"@type\":\"ListItem\",\"position\":2,\"name\":\"Peticiones ayudas\"}]},{\"@type\":\"WebSite\",\"@id\":\"https:\\\/\\\/www.fdignasidegispert.cat\\\/#website\",\"url\":\"https:\\\/\\\/www.fdignasidegispert.cat\\\/\",\"name\":\"Fundaci\u00f3 privada deg\u00e0 Ignasi de Gispert\",\"description\":\"\",\"publisher\":{\"@id\":\"https:\\\/\\\/www.fdignasidegispert.cat\\\/#organization\"},\"potentialAction\":[{\"@type\":\"SearchAction\",\"target\":{\"@type\":\"EntryPoint\",\"urlTemplate\":\"https:\\\/\\\/www.fdignasidegispert.cat\\\/?s={search_term_string}\"},\"query-input\":{\"@type\":\"PropertyValueSpecification\",\"valueRequired\":true,\"valueName\":\"search_term_string\"}}],\"inLanguage\":\"es\"},{\"@type\":\"Organization\",\"@id\":\"https:\\\/\\\/www.fdignasidegispert.cat\\\/#organization\",\"name\":\"Fundaci\u00f3 privada deg\u00e0 Ignasi de Gispert\",\"url\":\"https:\\\/\\\/www.fdignasidegispert.cat\\\/\",\"logo\":{\"@type\":\"ImageObject\",\"inLanguage\":\"es\",\"@id\":\"https:\\\/\\\/www.fdignasidegispert.cat\\\/#\\\/schema\\\/logo\\\/image\\\/\",\"url\":\"https:\\\/\\\/www.fdignasidegispert.cat\\\/wp-content\\\/uploads\\\/2016\\\/12\\\/LogotipFundacioIgnasiDeGispert-1.jpg\",\"contentUrl\":\"https:\\\/\\\/www.fdignasidegispert.cat\\\/wp-content\\\/uploads\\\/2016\\\/12\\\/LogotipFundacioIgnasiDeGispert-1.jpg\",\"width\":174,\"height\":174,\"caption\":\"Fundaci\u00f3 privada deg\u00e0 Ignasi de Gispert\"},\"image\":{\"@id\":\"https:\\\/\\\/www.fdignasidegispert.cat\\\/#\\\/schema\\\/logo\\\/image\\\/\"}}]}<\/script>\n<!-- \/ Yoast SEO plugin. -->","yoast_head_json":{"title":"Peticiones ayudas - Fundaci\u00f3 privada deg\u00e0 Ignasi de Gispert","robots":{"index":"index","follow":"follow","max-snippet":"max-snippet:-1","max-image-preview":"max-image-preview:large","max-video-preview":"max-video-preview:-1"},"canonical":"https:\/\/www.fdignasidegispert.cat\/es\/peticiones-ayudas\/","og_locale":"es_ES","og_type":"article","og_title":"Peticiones ayudas - Fundaci\u00f3 privada deg\u00e0 Ignasi de Gispert","og_url":"https:\/\/www.fdignasidegispert.cat\/es\/peticiones-ayudas\/","og_site_name":"Fundaci\u00f3 privada deg\u00e0 Ignasi de Gispert","article_modified_time":"2021-03-22T11:12:47+00:00","og_image":[{"url":"https:\/\/www.fdignasidegispert.cat\/wp-content\/uploads\/2016\/02\/peticions_ajuts.jpg","type":"","width":"","height":""}],"twitter_card":"summary_large_image","twitter_misc":{"Tiempo de lectura":"1 minuto"},"schema":{"@context":"https:\/\/schema.org","@graph":[{"@type":"WebPage","@id":"https:\/\/www.fdignasidegispert.cat\/es\/peticiones-ayudas\/","url":"https:\/\/www.fdignasidegispert.cat\/es\/peticiones-ayudas\/","name":"Peticiones ayudas - Fundaci\u00f3 privada deg\u00e0 Ignasi de Gispert","isPartOf":{"@id":"https:\/\/www.fdignasidegispert.cat\/#website"},"primaryImageOfPage":{"@id":"https:\/\/www.fdignasidegispert.cat\/es\/peticiones-ayudas\/#primaryimage"},"image":{"@id":"https:\/\/www.fdignasidegispert.cat\/es\/peticiones-ayudas\/#primaryimage"},"thumbnailUrl":"https:\/\/www.fdignasidegispert.cat\/wp-content\/uploads\/2016\/02\/peticions_ajuts.jpg","datePublished":"2016-02-18T11:47:21+00:00","dateModified":"2021-03-22T11:12:47+00:00","breadcrumb":{"@id":"https:\/\/www.fdignasidegispert.cat\/es\/peticiones-ayudas\/#breadcrumb"},"inLanguage":"es","potentialAction":[{"@type":"ReadAction","target":["https:\/\/www.fdignasidegispert.cat\/es\/peticiones-ayudas\/"]}]},{"@type":"ImageObject","inLanguage":"es","@id":"https:\/\/www.fdignasidegispert.cat\/es\/peticiones-ayudas\/#primaryimage","url":"https:\/\/www.fdignasidegispert.cat\/wp-content\/uploads\/2016\/02\/peticions_ajuts.jpg","contentUrl":"https:\/\/www.fdignasidegispert.cat\/wp-content\/uploads\/2016\/02\/peticions_ajuts.jpg"},{"@type":"BreadcrumbList","@id":"https:\/\/www.fdignasidegispert.cat\/es\/peticiones-ayudas\/#breadcrumb","itemListElement":[{"@type":"ListItem","position":1,"name":"Inici","item":"https:\/\/www.fdignasidegispert.cat\/es\/"},{"@type":"ListItem","position":2,"name":"Peticiones ayudas"}]},{"@type":"WebSite","@id":"https:\/\/www.fdignasidegispert.cat\/#website","url":"https:\/\/www.fdignasidegispert.cat\/","name":"Fundaci\u00f3 privada deg\u00e0 Ignasi de Gispert","description":"","publisher":{"@id":"https:\/\/www.fdignasidegispert.cat\/#organization"},"potentialAction":[{"@type":"SearchAction","target":{"@type":"EntryPoint","urlTemplate":"https:\/\/www.fdignasidegispert.cat\/?s={search_term_string}"},"query-input":{"@type":"PropertyValueSpecification","valueRequired":true,"valueName":"search_term_string"}}],"inLanguage":"es"},{"@type":"Organization","@id":"https:\/\/www.fdignasidegispert.cat\/#organization","name":"Fundaci\u00f3 privada deg\u00e0 Ignasi de Gispert","url":"https:\/\/www.fdignasidegispert.cat\/","logo":{"@type":"ImageObject","inLanguage":"es","@id":"https:\/\/www.fdignasidegispert.cat\/#\/schema\/logo\/image\/","url":"https:\/\/www.fdignasidegispert.cat\/wp-content\/uploads\/2016\/12\/LogotipFundacioIgnasiDeGispert-1.jpg","contentUrl":"https:\/\/www.fdignasidegispert.cat\/wp-content\/uploads\/2016\/12\/LogotipFundacioIgnasiDeGispert-1.jpg","width":174,"height":174,"caption":"Fundaci\u00f3 privada deg\u00e0 Ignasi de Gispert"},"image":{"@id":"https:\/\/www.fdignasidegispert.cat\/#\/schema\/logo\/image\/"}}]}},"_links":{"self":[{"href":"https:\/\/www.fdignasidegispert.cat\/es\/wp-json\/wp\/v2\/pages\/100","targetHints":{"allow":["GET"]}}],"collection":[{"href":"https:\/\/www.fdignasidegispert.cat\/es\/wp-json\/wp\/v2\/pages"}],"about":[{"href":"https:\/\/www.fdignasidegispert.cat\/es\/wp-json\/wp\/v2\/types\/page"}],"author":[{"embeddable":true,"href":"https:\/\/www.fdignasidegispert.cat\/es\/wp-json\/wp\/v2\/users\/6"}],"replies":[{"embeddable":true,"href":"https:\/\/www.fdignasidegispert.cat\/es\/wp-json\/wp\/v2\/comments?post=100"}],"version-history":[{"count":22,"href":"https:\/\/www.fdignasidegispert.cat\/es\/wp-json\/wp\/v2\/pages\/100\/revisions"}],"predecessor-version":[{"id":1976,"href":"https:\/\/www.fdignasidegispert.cat\/es\/wp-json\/wp\/v2\/pages\/100\/revisions\/1976"}],"wp:attachment":[{"href":"https:\/\/www.fdignasidegispert.cat\/es\/wp-json\/wp\/v2\/media?parent=100"}],"curies":[{"name":"wp","href":"https:\/\/api.w.org\/{rel}","templated":true}]}}